{"id":2744,"date":"2021-05-04T08:33:47","date_gmt":"2021-05-04T08:33:47","guid":{"rendered":"https:\/\/sklep.hoid.pl\/?post_type=product&#038;p=2744"},"modified":"2024-06-30T16:42:47","modified_gmt":"2024-06-30T16:42:47","slug":"moje-crow-river","status":"publish","type":"product","link":"https:\/\/sklep.hoid.pl\/?product=moje-crow-river","title":{"rendered":"Stanis\u0142aw Raginiak \u2013 Moje Crow River \u2013 e-book"},"content":{"rendered":"<p><strong>Ksi\u0105\u017cka wyr\u00f3\u017cniona Orfeuszem Mazurskim 2020 oraz nominowana do Literackiej Nagrody Warmii i Mazur!\u00a0<\/strong><\/p>\n<p>Dwie godziny \u2013 tyle potrzeba czasu, by towarzyszy\u0107 Autorowi w w\u0119dr\u00f3wce \u017cycia, kt\u00f3rej korzenie si\u0119gaj\u0105 \u0141ukty, Wilna i Gr\u0105\u017caw, a kt\u00f3rej kwiaty spowijaj\u0105 owoce mi\u0142o\u015bci \u017cycia oraz t\u0119sknota za tajemniczym Crow River. Je\u015bli czyta\u0142e\u015b <em>Umarli ze Spoon River<\/em> Edgara Lee Mastersa i nie mog\u0142e\u015b nadziwi\u0107 si\u0119 pi\u0119knu zawartemu w wierszach Amerykanina, to wiedz, ze poemat Stanis\u0142awa Raginiaka ma z nim pewien wsp\u00f3lny pierwiastek, z t\u0105 tylko r\u00f3\u017cnic\u0105, ze Autor w Moim Crow River m\u00f3wi przede wszystkim o mi\u0142o\u015bci do kobiety, do Boga, do tego, co bezpowrotnie przemin\u0119\u0142o\u2026<\/p>\n<p>&nbsp;<\/p>\n","protected":false},"excerpt":{"rendered":"<p>Autor:<strong> <a href=\"https:\/\/sklep.hoid.pl\/?artist=stanislaw-raginiak\">Stanis\u0142aw Raginiak<\/a><\/strong><\/p>\n<p>ISBN: 978-83-65185-01-3<\/p>\n<p>Rodzaj produktu: E-book<\/p>\n<p>Rok wydania: 2019<\/p>\n","protected":false},"featured_media":4349,"template":"","meta":[],"product_cat":[15],"product_tag":[130,128,132,131,129],"royalty-types":[],"trackgenre":[396,122,395,411],"tracksoftware":[],"_links":{"self":[{"href":"https:\/\/sklep.hoid.pl\/index.php?rest_route=\/wp\/v2\/product\/2744"}],"collection":[{"href":"https:\/\/sklep.hoid.pl\/index.php?rest_route=\/wp\/v2\/product"}],"about":[{"href":"https:\/\/sklep.hoid.pl\/index.php?rest_route=\/wp\/v2\/types\/product"}],"wp:featuredmedia":[{"embeddable":true,"href":"https:\/\/sklep.hoid.pl\/index.php?rest_route=\/wp\/v2\/media\/4349"}],"wp:attachment":[{"href":"https:\/\/sklep.hoid.pl\/index.php?rest_route=%2Fwp%2Fv2%2Fmedia&parent=2744"}],"wp:term":[{"taxonomy":"product_cat","embeddable":true,"href":"https:\/\/sklep.hoid.pl\/index.php?rest_route=%2Fwp%2Fv2%2Fproduct_cat&post=2744"},{"taxonomy":"product_tag","embeddable":true,"href":"https:\/\/sklep.hoid.pl\/index.php?rest_route=%2Fwp%2Fv2%2Fproduct_tag&post=2744"},{"taxonomy":"royalty-types","embeddable":true,"href":"https:\/\/sklep.hoid.pl\/index.php?rest_route=%2Fwp%2Fv2%2Froyalty-types&post=2744"},{"taxonomy":"trackgenre","embeddable":true,"href":"https:\/\/sklep.hoid.pl\/index.php?rest_route=%2Fwp%2Fv2%2Ftrackgenre&post=2744"},{"taxonomy":"tracksoftware","embeddable":true,"href":"https:\/\/sklep.hoid.pl\/index.php?rest_route=%2Fwp%2Fv2%2Ftracksoftware&post=2744"}],"curies":[{"name":"wp","href":"https:\/\/api.w.org\/{rel}","templated":true}]}}