{"id":2775,"date":"2021-05-04T12:32:01","date_gmt":"2021-05-04T12:32:01","guid":{"rendered":"https:\/\/sklep.hoid.pl\/?post_type=product&#038;p=2775"},"modified":"2021-05-04T17:25:33","modified_gmt":"2021-05-04T17:25:33","slug":"autobiografia-nikoli-tesli-darmowe-fragmenty","status":"publish","type":"product","link":"https:\/\/sklep.hoid.pl\/?product=autobiografia-nikoli-tesli-darmowe-fragmenty","title":{"rendered":"Autobiografia Nikoli Tesli &#8211; darmowe fragmenty"},"content":{"rendered":"<p>Mia\u0142 63 lata, kiedy tekst tej ksi\u0105\u017cki ukaza\u0142 si\u0119 po raz pierwszy w czasopi\u015bmie \u201eElectrical Experimenter\u201d w 1919 roku. Moje wynalazki. Autobiografia Nikoli Tesli to pozycja, kt\u00f3r\u0105 wybitny konstruktor i wynalazca po\u015bwi\u0119ci\u0142 w szczeg\u00f3lno\u015bci m\u0142odym pasjonatom in\u017cynierii elektrycznej, dziel\u0105c si\u0119 z nimi wspomnieniami pasjonuj\u0105cej i trudnej drogi \u017cycia wynalazcy.<\/p>\n<p>Nie jest to klasyczna biografia, ale przepleciona w\u0105tkami biograficznymi,\u00a0<strong>napisana w przyst\u0119pny dla ka\u017cdego spos\u00f3b opowie\u015b\u0107<\/strong>\u00a0o wynalazkach i wydarzeniach, kt\u00f3re poprzedzi\u0142y ich powstanie.<\/p>\n<p>Jest kilka powod\u00f3w, dla kt\u00f3rych \u201eMoje Wynalazki. Autobiografia Nikoli Tesli\u201d jest ksi\u0105\u017ck\u0105 niezwykle warto\u015bciow\u0105 zar\u00f3wno dla m\u0142odych os\u00f3b poszukuj\u0105cych drogi dzia\u0142alno\u015bci naukowej b\u0105d\u017a tw\u00f3rczej, jak i tych, kt\u00f3rzy ju\u017c t\u0119 drog\u0119 wybrali. Pokazuje ona prometeizm naukowca wierz\u0105cego w si\u0142\u0119 ludzkiego umys\u0142u oraz przeplatanie si\u0119 chwil triumfu z chwilami gorzkiego rozczarowania. W niniejszej pozycji Czytelnicy b\u0119d\u0105 mogli odnale\u017a\u0107 wiadomo\u015bci, kt\u00f3re pozwol\u0105 im wnikn\u0105\u0107 nie tylko w dorobek wybitnego wynalazcy, ale tak\u017ce w pewnym sensie pod\u0105\u017cy\u0107 jego \u015bladem, w czym pomocna oka\u017ce si\u0119 m.in. proponowana przez Tesl\u0119 literatura oraz liczne opisy.<\/p>\n<p>Warto\u015b\u0107 tej ksi\u0105\u017cki kryje si\u0119 w intencjach, kt\u00f3re przy\u015bwieca\u0142y genialnemu in\u017cynierowi przy spisywaniu tre\u015bci wywiadu adresowanego do m\u0142odych wynalazc\u00f3w. Mo\u017ce ona sta\u0107 si\u0119 \u017ar\u00f3d\u0142em inspiracji, motywacji i no\u015bnikiem wiedzy, ale tak\u017ce by\u0107 przestrog\u0105 przed dualizmem ludzkiej natury. Posiada potencja\u0142 dydaktyczny opatrzony doz\u0105 solidnej dawki informacji odno\u015bnie tego, k<strong>t\u00f3re ze swoich wynalazk\u00f3w dojrza\u0142y Nikola Tesla ceni\u0142 najbardziej i dlaczego je wyr\u00f3\u017cni\u0142.<\/strong><\/p>\n","protected":false},"excerpt":{"rendered":"<p>Autor: <a href=\"https:\/\/sklep.hoid.pl\/?artist=nikola-tesla\"><strong>Nikola Tesla<\/strong><\/a><\/p>\n<p>Fragmenty: <strong><a href=\"https:\/\/sklep.hoid.pl\/wp-content\/uploads\/2021\/05\/1-fragment-Autobiografia-Nikoli-Tesli.pdf\" target=\"_blank\" rel=\"noopener\">ZOBACZ<\/a><\/strong><\/p>\n<p>Pe\u0142na wersja E-booka: <strong><a href=\"https:\/\/sklep.hoid.pl\/?product=autobiografia-nikoli-tesli\">KUP<\/a><\/strong><\/p>\n<p>ISBN: 978-83-65185-07-5<\/p>\n<p>Rodzaj produktu: E-book<\/p>\n<p>Rok wydania: 2018<\/p>\n","protected":false},"featured_media":2777,"template":"","meta":[],"product_cat":[82],"product_tag":[156,154,153,155],"royalty-types":[],"trackgenre":[122],"tracksoftware":[],"_links":{"self":[{"href":"https:\/\/sklep.hoid.pl\/index.php?rest_route=\/wp\/v2\/product\/2775"}],"collection":[{"href":"https:\/\/sklep.hoid.pl\/index.php?rest_route=\/wp\/v2\/product"}],"about":[{"href":"https:\/\/sklep.hoid.pl\/index.php?rest_route=\/wp\/v2\/types\/product"}],"wp:featuredmedia":[{"embeddable":true,"href":"https:\/\/sklep.hoid.pl\/index.php?rest_route=\/wp\/v2\/media\/2777"}],"wp:attachment":[{"href":"https:\/\/sklep.hoid.pl\/index.php?rest_route=%2Fwp%2Fv2%2Fmedia&parent=2775"}],"wp:term":[{"taxonomy":"product_cat","embeddable":true,"href":"https:\/\/sklep.hoid.pl\/index.php?rest_route=%2Fwp%2Fv2%2Fproduct_cat&post=2775"},{"taxonomy":"product_tag","embeddable":true,"href":"https:\/\/sklep.hoid.pl\/index.php?rest_route=%2Fwp%2Fv2%2Fproduct_tag&post=2775"},{"taxonomy":"royalty-types","embeddable":true,"href":"https:\/\/sklep.hoid.pl\/index.php?rest_route=%2Fwp%2Fv2%2Froyalty-types&post=2775"},{"taxonomy":"trackgenre","embeddable":true,"href":"https:\/\/sklep.hoid.pl\/index.php?rest_route=%2Fwp%2Fv2%2Ftrackgenre&post=2775"},{"taxonomy":"tracksoftware","embeddable":true,"href":"https:\/\/sklep.hoid.pl\/index.php?rest_route=%2Fwp%2Fv2%2Ftracksoftware&post=2775"}],"curies":[{"name":"wp","href":"https:\/\/api.w.org\/{rel}","templated":true}]}}