{"id":2778,"date":"2021-05-04T12:43:13","date_gmt":"2021-05-04T12:43:13","guid":{"rendered":"https:\/\/sklep.hoid.pl\/?post_type=product&#038;p=2778"},"modified":"2021-05-04T17:23:37","modified_gmt":"2021-05-04T17:23:37","slug":"nikola-tesla-rozmawiajac-z-planetami-darmowe-fragmenty","status":"publish","type":"product","link":"https:\/\/sklep.hoid.pl\/?product=nikola-tesla-rozmawiajac-z-planetami-darmowe-fragmenty","title":{"rendered":"Nikola Tesla, Rozmawiaj\u0105c z planetami &#8211; darmowe fragmenty"},"content":{"rendered":"<blockquote><p>\u00a0Sk\u0105d bierze si\u0119 ka\u017cda si\u0142a nap\u0119dowa? Co to za spr\u0119\u017cyna, kt\u00f3ra\u00a0 wszystko nap\u0119dza? Widzimy p\u0142ywy oceanu, p\u0142yn\u0105ce rzeki, wiatr, deszcz, grad i \u015bnieg uderzaj\u0105ce w nasze okna, widzimy, jak poci\u0105gi i parowce nadci\u0105gaj\u0105 i oddalaj\u0105 si\u0119, s\u0142yszymy ha\u0142as woz\u00f3w, g\u0142osy z ulicy; czujemy, w\u0105chamy, smakujemy i my\u015blimy o tym wszystkim, czego zaznajemy. I ca\u0142y ten ruch, od wzbierania pot\u0119\u017cnego oceanu do tego subtelnego ruchu, kt\u00f3ry pobudza nasze my\u015bli, ma jedn\u0105 wsp\u00f3ln\u0105 przyczyn\u0119. Ca\u0142a ta energia pochodzi z jednego centrum, z jednego \u017ar\u00f3d\u0142a \u2013 S\u0142o\u0144ca. To ono jest spr\u0119\u017cyn\u0105, kt\u00f3ra nap\u0119dza wszystko. S\u0142o\u0144ce podtrzymuje \u017cycie ludzkie i dostarcza ca\u0142\u0105 ludzk\u0105 energi\u0119.<\/p>\n<p>NIKOLA TESLA<\/p><\/blockquote>\n<p>&nbsp;<\/p>\n","protected":false},"excerpt":{"rendered":"<p>Autor: <a href=\"https:\/\/sklep.hoid.pl\/?artist=nikola-tesla\"><strong>Nikola Tesla<\/strong><\/a><\/p>\n<p>Fragmenty: <strong><a href=\"https:\/\/sklep.hoid.pl\/wp-content\/uploads\/2021\/05\/Nikola-Tesla-Rozmawiaj\u2022c-z-planetami.pdf\" target=\"_blank\" rel=\"noopener\">ZOBACZ<\/a><\/strong><\/p>\n<p>Pe\u0142na wersja E-booka: <a href=\"https:\/\/sklep.hoid.pl\/?product=nowa-koncepcja-wszechswiata\"><strong>KUP<\/strong><\/a><\/p>\n<p>ISBN: 978-83-65185-07-5<\/p>\n<p>Rodzaj produktu: E-book<\/p>\n<p>Rok wydania: 2018<\/p>\n","protected":false},"featured_media":2780,"template":"","meta":[],"product_cat":[82],"product_tag":[160,157,116,159,158],"royalty-types":[],"trackgenre":[122],"tracksoftware":[],"_links":{"self":[{"href":"https:\/\/sklep.hoid.pl\/index.php?rest_route=\/wp\/v2\/product\/2778"}],"collection":[{"href":"https:\/\/sklep.hoid.pl\/index.php?rest_route=\/wp\/v2\/product"}],"about":[{"href":"https:\/\/sklep.hoid.pl\/index.php?rest_route=\/wp\/v2\/types\/product"}],"wp:featuredmedia":[{"embeddable":true,"href":"https:\/\/sklep.hoid.pl\/index.php?rest_route=\/wp\/v2\/media\/2780"}],"wp:attachment":[{"href":"https:\/\/sklep.hoid.pl\/index.php?rest_route=%2Fwp%2Fv2%2Fmedia&parent=2778"}],"wp:term":[{"taxonomy":"product_cat","embeddable":true,"href":"https:\/\/sklep.hoid.pl\/index.php?rest_route=%2Fwp%2Fv2%2Fproduct_cat&post=2778"},{"taxonomy":"product_tag","embeddable":true,"href":"https:\/\/sklep.hoid.pl\/index.php?rest_route=%2Fwp%2Fv2%2Fproduct_tag&post=2778"},{"taxonomy":"royalty-types","embeddable":true,"href":"https:\/\/sklep.hoid.pl\/index.php?rest_route=%2Fwp%2Fv2%2Froyalty-types&post=2778"},{"taxonomy":"trackgenre","embeddable":true,"href":"https:\/\/sklep.hoid.pl\/index.php?rest_route=%2Fwp%2Fv2%2Ftrackgenre&post=2778"},{"taxonomy":"tracksoftware","embeddable":true,"href":"https:\/\/sklep.hoid.pl\/index.php?rest_route=%2Fwp%2Fv2%2Ftracksoftware&post=2778"}],"curies":[{"name":"wp","href":"https:\/\/api.w.org\/{rel}","templated":true}]}}