{"id":2781,"date":"2021-05-04T12:56:39","date_gmt":"2021-05-04T12:56:39","guid":{"rendered":"https:\/\/sklep.hoid.pl\/?post_type=product&#038;p=2781"},"modified":"2021-05-04T17:12:55","modified_gmt":"2021-05-04T17:12:55","slug":"nowa-koncepcja-wszechswiata-darmowe-fragmenty","status":"publish","type":"product","link":"https:\/\/sklep.hoid.pl\/?product=nowa-koncepcja-wszechswiata-darmowe-fragmenty","title":{"rendered":"Nowa Koncepcja Wszech\u015bwiata &#8211; darmowe fragmenty"},"content":{"rendered":"<p>Ksi\u0105\u017cka \u201eA New Concept of the Universe\u201d (tytu\u0142 oryginalny) w wyczerpuj\u0105cy i niebywale przyst\u0119pny spos\u00f3b przedstawia za\u0142o\u017cenia i idee rewolucyjnej Kosmogoni Waltera Rusella oraz pasjonuj\u0105c\u0105 polemik\u0119 Autora z paradygmatami wsp\u00f3\u0142czesnej nauki.<\/p>\n<p>Walter Russell (1887-1963)\u00a0 to ameryka\u0144ski polimat, artysta, naukowiec, architekt i biznesmen. W 1921 roku stworzy\u0142 i opatentowa\u0142 w\u0142asny uk\u0142ad okresowy pierwiastk\u00f3w na kt\u00f3rym zamie\u015bci\u0142 dwa nieznane wtedy pierwiastki: uridium i urium \u2013 oficjalnie odkryte wiele lat p\u00f3\u017aniej i nazwane inaczej \u2013 neptun i pluton. Dzi\u0119ki swoim dokonaniom zdoby\u0142 szerokie uznanie i znajomo\u015bci w\u015br\u00f3d najwybitniejszych ludzi swojej epoki.\u00a0Przyja\u017ani\u0142 si\u0119 z Nikol\u0105 Tesl\u0105 i za\u0142o\u017cycielem IBM, Thomasem Watsonem Jr.\u00a0(z kt\u00f3rym stworzy\u0142 nowoczesn\u0105 koncepcj\u0119 etycznego biznesu). Zna\u0142 si\u0119 z Thomasem Edisonem,\u00a0Ignacym Paderewskim\u00a0i Theodorem Rooseveltem. Jego obrazy wielokrotnie prezentowano i nagradzano w Stanach Zjednoczonych i w Europie. Sformu\u0142owa\u0142 w\u0142asn\u0105 teori\u0119 kosmologiczn\u0105, kt\u00f3r\u0105 zaprezentowa\u0142 oficjalnie po raz pierwszy w 1926 roku. Swoj\u0105 nauk\u0119 wyk\u0142ada\u0142 w za\u0142o\u017conym przez siebie University of Science and Philosophy w pa\u0142acu Swannanoa w stanie Virginia. W 1941 roku,\u00a0w uznaniu naukowych odkry\u0107, American Academy of Sciences\u00a0 przyzna\u0142a Walterowi Russellowi tytu\u0142 Doktora.<\/p>\n<p>Wysi\u0142ki nad jej udoskonalaniem Autor podejmowa\u0142 do ko\u0144ca swoich dni. Mimo to ta niezwyk\u0142a pozycja mog\u0142a si\u0119 ukaza\u0107 w Stanach Zjednoczonych dopiero w 1989 roku, po 26 latach od jego \u015bmierci.<\/p>\n<p>Echa po jej publikacji nie milkn\u0105 do dnia dzisiejszego, staj\u0105c si\u0119 motorem nap\u0119dowym \u015brodowisk skupiaj\u0105cych si\u0119 wok\u00f3\u0142 dokona\u0144 wybitnych, lecz niezwykle rzadko docenianych wynalazc\u00f3w XIX i XX wieku.<\/p>\n<p>A\u017c tej pory nie ukaza\u0142a si\u0119 w Polsce \u017cadna ksi\u0105\u017cka tego znakomitego autora. Jedyna dost\u0119pna w Polsce pozycja to niewielka ksi\u0105\u017cka biograficzna o tytule:\u00a0Cz\u0142owiek, kt\u00f3ry pozna\u0142 tajemnic\u0119 wszech\u015bwiata. Opowie\u015b\u0107 o Walterze Russellu\u00a0(2008).<\/p>\n","protected":false},"excerpt":{"rendered":"<p>Autor: <a href=\"https:\/\/sklep.hoid.pl\/?artist=walter-russell\"><strong>Walter Russell<\/strong><\/a><\/p>\n<p>Fragmenty: <strong><a href=\"https:\/\/sklep.hoid.pl\/wp-content\/uploads\/2021\/05\/3-fragment-Nowa-Koncepcja-Wszeche\u0307wiata.pdf\" target=\"_blank\" rel=\"noopener\">ZOBACZ<\/a><\/strong><\/p>\n<p>Pe\u0142na wersja E-booka: <a href=\"https:\/\/sklep.hoid.pl\/?product=nowa-koncepcja-wszechswiata\"><strong>KUP<\/strong><\/a><\/p>\n<p>ISBN: 978-83-65185-07-5<\/p>\n<p>Rodzaj produktu: E-book<\/p>\n<p>Rok wydania: 2018<\/p>\n","protected":false},"featured_media":2783,"template":"","meta":[],"product_cat":[82],"product_tag":[161,163,164,162,165],"royalty-types":[],"trackgenre":[122],"tracksoftware":[],"_links":{"self":[{"href":"https:\/\/sklep.hoid.pl\/index.php?rest_route=\/wp\/v2\/product\/2781"}],"collection":[{"href":"https:\/\/sklep.hoid.pl\/index.php?rest_route=\/wp\/v2\/product"}],"about":[{"href":"https:\/\/sklep.hoid.pl\/index.php?rest_route=\/wp\/v2\/types\/product"}],"wp:featuredmedia":[{"embeddable":true,"href":"https:\/\/sklep.hoid.pl\/index.php?rest_route=\/wp\/v2\/media\/2783"}],"wp:attachment":[{"href":"https:\/\/sklep.hoid.pl\/index.php?rest_route=%2Fwp%2Fv2%2Fmedia&parent=2781"}],"wp:term":[{"taxonomy":"product_cat","embeddable":true,"href":"https:\/\/sklep.hoid.pl\/index.php?rest_route=%2Fwp%2Fv2%2Fproduct_cat&post=2781"},{"taxonomy":"product_tag","embeddable":true,"href":"https:\/\/sklep.hoid.pl\/index.php?rest_route=%2Fwp%2Fv2%2Fproduct_tag&post=2781"},{"taxonomy":"royalty-types","embeddable":true,"href":"https:\/\/sklep.hoid.pl\/index.php?rest_route=%2Fwp%2Fv2%2Froyalty-types&post=2781"},{"taxonomy":"trackgenre","embeddable":true,"href":"https:\/\/sklep.hoid.pl\/index.php?rest_route=%2Fwp%2Fv2%2Ftrackgenre&post=2781"},{"taxonomy":"tracksoftware","embeddable":true,"href":"https:\/\/sklep.hoid.pl\/index.php?rest_route=%2Fwp%2Fv2%2Ftracksoftware&post=2781"}],"curies":[{"name":"wp","href":"https:\/\/api.w.org\/{rel}","templated":true}]}}