{"id":3913,"date":"2022-02-14T23:40:26","date_gmt":"2022-02-14T23:40:26","guid":{"rendered":"https:\/\/sklep.hoid.pl\/?post_type=product&#038;p=3913"},"modified":"2023-03-05T10:58:44","modified_gmt":"2023-03-05T10:58:44","slug":"wiktor-hajdenrajch-kalecy-in-dominum-via-tua","status":"publish","type":"product","link":"https:\/\/sklep.hoid.pl\/?product=wiktor-hajdenrajch-kalecy-in-dominum-via-tua","title":{"rendered":"Wiktor Hajdenrajch \u2013 Kalecy. W Panu droga twoja! \u2013 audiobook + e-book"},"content":{"rendered":"<p style=\"text-align: justify;\">\u201eJest u nas we wsi kowal, kt\u00f3remu Naj\u015bwi\u0119tsza Panienka si\u0119 objawi\u0142a, a przynajmniej on tak twierdzi. Pani Nasza pokaza\u0142a mu si\u0119 pod rozstajnym krzy\u017cem, na po\u015bwi\u0119conej ziemi, gdzie kowal \u00f3w ogrodzenie dla Naj\u015bwi\u0119tszego Znaku sporz\u0105dzi\u0142. Prosty on cz\u0142owiek, cho\u0107 w r\u0119kach zr\u0119czny niebywale, polecam go Waszej Ekscelencji, bogobojny, powa\u017cny, cho\u0107 niestety za ko\u0142nierz nie wylewa, ale pomny nauk Waszej \u015awi\u0105tobliwo\u015bci, \u017ce wszelkie doniesienia o cudach natychmiast weryfikowane by\u0107 musz\u0105, uda\u0142em si\u0119 z kowalem pod Krzy\u017c i rzeczywi\u015bcie co\u015b widzieli\u015bmy. Trudno mi powiedzie\u0107, co ja widzia\u0142em, to by\u0142o jakby zag\u0119szczenie pary, dymu przypominaj\u0105ce kszta\u0142t Kobiety\u201d\u2026<\/p>\n<p style=\"text-align: justify;\">Ksi\u0105\u017cka Wiktora Hajdenrajcha zaprowadzi nas na wie\u015b \u2013 i z tej\u017ce nas wyprowadzi? Dok\u0105d? Na bezdro\u017ca! Do wielkiego \u015bwiata, ma\u0142ego \u015bwiata \u2013 z prowincji ekstremalnej na prowincj\u0119 nie mniej skrajn\u0105 \u2013 cho\u0107 mo\u017ce mniej oczywist\u0105.<\/p>\n<p style=\"text-align: justify;\">Wszystko to w otoczce wy\u015bmienitego humoru, \u015bwietnej stylizacji j\u0119zykowej, wyczucia i tego, co nadaje opowiadaniom tak namacalny realizm, \u017ce a\u017c chcia\u0142oby si\u0119, aby Wiktor Hajdenrajch postawi\u0142 w swojej ksi\u0105\u017cce ostatni\u0105 kropk\u0119 o sto, a mo\u017ce nawet dwie\u015bcie stron dalej.<\/p>\n<p>Ci\u0105g dalszy historii przedstawionej w audiobooku, genialnie zinterpretowanej przez Jacka S\u0142upkowskiego, mo\u017cna przeczyta\u0107 zar\u00f3wno w formie drukowanej, kupuj\u0105c ksi\u0105\u017ck\u0119, jak i w formie elektronicznej, <strong>czytaj\u0105c e-booka do\u0142\u0105czonego do wersji audio!\u00a0<\/strong><\/p>\n","protected":false},"excerpt":{"rendered":"<p>Autor: Wiktor Hajdenrajch<\/p>\n<p>Lektor: Jacek S\u0142upkowski<\/p>\n<p>Muzyka: Wydawnictwo Horyzont Idei<\/p>\n<p>Redakcja: Izabela Zgrzywa<\/p>\n<p>Wydawca: Wydawnictwo Horyzont Idei<\/p>\n<p>Patronat: Polskie Wydawnictwa Niezale\u017cne<\/p>\n<p>Typ: Audiobook<\/p>\n<p>Rok wydania: 2022<\/p>\n<p>ISBN: 978-83-65185-<span class=\"bold\">18<\/span>-1<\/p>\n","protected":false},"featured_media":4311,"template":"","meta":[],"product_cat":[107,15],"product_tag":[295,270,297,299,290,298,413,412,289,284],"royalty-types":[],"trackgenre":[166,122,411],"tracksoftware":[],"_links":{"self":[{"href":"https:\/\/sklep.hoid.pl\/index.php?rest_route=\/wp\/v2\/product\/3913"}],"collection":[{"href":"https:\/\/sklep.hoid.pl\/index.php?rest_route=\/wp\/v2\/product"}],"about":[{"href":"https:\/\/sklep.hoid.pl\/index.php?rest_route=\/wp\/v2\/types\/product"}],"wp:featuredmedia":[{"embeddable":true,"href":"https:\/\/sklep.hoid.pl\/index.php?rest_route=\/wp\/v2\/media\/4311"}],"wp:attachment":[{"href":"https:\/\/sklep.hoid.pl\/index.php?rest_route=%2Fwp%2Fv2%2Fmedia&parent=3913"}],"wp:term":[{"taxonomy":"product_cat","embeddable":true,"href":"https:\/\/sklep.hoid.pl\/index.php?rest_route=%2Fwp%2Fv2%2Fproduct_cat&post=3913"},{"taxonomy":"product_tag","embeddable":true,"href":"https:\/\/sklep.hoid.pl\/index.php?rest_route=%2Fwp%2Fv2%2Fproduct_tag&post=3913"},{"taxonomy":"royalty-types","embeddable":true,"href":"https:\/\/sklep.hoid.pl\/index.php?rest_route=%2Fwp%2Fv2%2Froyalty-types&post=3913"},{"taxonomy":"trackgenre","embeddable":true,"href":"https:\/\/sklep.hoid.pl\/index.php?rest_route=%2Fwp%2Fv2%2Ftrackgenre&post=3913"},{"taxonomy":"tracksoftware","embeddable":true,"href":"https:\/\/sklep.hoid.pl\/index.php?rest_route=%2Fwp%2Fv2%2Ftracksoftware&post=3913"}],"curies":[{"name":"wp","href":"https:\/\/api.w.org\/{rel}","templated":true}]}}