{"id":4161,"date":"2022-09-01T08:22:41","date_gmt":"2022-09-01T08:22:41","guid":{"rendered":"https:\/\/sklep.hoid.pl\/?post_type=product&#038;p=4161"},"modified":"2023-07-18T13:01:53","modified_gmt":"2023-07-18T13:01:53","slug":"wiktor-hajdenrajch-sasiad-to-wazne-slowo-tom-2-koszelewo-chelmno-elblag-na-wirazu-dziejow","status":"publish","type":"product","link":"https:\/\/sklep.hoid.pl\/?product=wiktor-hajdenrajch-sasiad-to-wazne-slowo-tom-2-koszelewo-chelmno-elblag-na-wirazu-dziejow","title":{"rendered":"Wiktor Hajdenrajch &#8211; S\u0105siad to wa\u017cne s\u0142owo, tom 2: Koszelewo, Che\u0142mno, Elbl\u0105g. Na wira\u017cu dziej\u00f3w."},"content":{"rendered":"<p>Niewa\u017cne czy jeste\u015b Polakiem, Litwinem, Bia\u0142orusinem, \u017bydem, Niemcem, czy Ukrai\u0144cem. Niewa\u017cne czy chodzisz do ko\u015bcio\u0142a, cerkwi, synagogi, czy zboru. Je\u015bli tylko nas szanujesz, prawdziwie, jeste\u015b nasz! Jeste\u015b S\u0105siad! A: \u201eS\u0105siad to wa\u017cne s\u0142owo, kto wie, czy nie najwa\u017cniejsze?\u201d.<\/p>\n<p>Od Autora:<\/p>\n<p>Wojenne losy Anny to ju\u017c zupe\u0142na niewiadoma. Pewne jest tylko to, \u017ce gdy w\u00a0Ja\u0142cie, w\u00a0akcie jawnej zdrady, oddano Polsk\u0119 w\u00a0pacht Stalinowi, nikomu z\u00a0domniemanych sojusznik\u00f3w z\u00a0tego powodu nie zadr\u017ca\u0142a nawet powieka. Nowogr\u00f3dek z\u00a0okolicami zosta\u0142 wcielony do ZSRR. Oznacza\u0142o to tyle, \u017ce oni, Polacy, musieli stamt\u0105d wyjecha\u0107. Eufemizm! Zostali stamt\u0105d brutalnie wyrzuceni na zasadzie bezwzgl\u0119dnego ultimatum: \u201eAlbo przyjmujecie obywatelstwo bia\u0142oruskie, albo won do tej waszej Polski!\u201d. Mi\u0119dzy 1939 a\u00a01945 rokiem, pojawia si\u0119 wielka czarna dziura, kt\u00f3r\u0105 nies\u0142ychanie trudno jest dzi\u015b zasypa\u0107\u2026 <strong>Ale od czego jest wyobra\u017ania?<\/strong><\/p>\n<p>Ten \u015bwiat, szarpany raz w\u00a0jedn\u0105, raz w\u00a0drug\u0105 stron\u0119, jaki by\u0142? Dok\u0105d poszed\u0142? Co sta\u0142o si\u0119 z\u00a0t\u0105 spo\u0142eczno\u015bci\u0105, o\u00a0kt\u00f3r\u0105 Pawe\u0142 z\u00a0Ann\u0105 tak walczyli? Czy przetrzyma\u0142a najtrudniejsz\u0105 pr\u00f3b\u0119, wojny, tego straszliwego potwora, po\u017ceraj\u0105cego wszystkich poza elit\u0105 najbogatszych, czy najbardziej ustosunkowanych? <strong>Kim stali si\u0119 ci, o\u00a0kt\u00f3rych Pawe\u0142 m\u00f3wi\u0142: \u201eS\u0105siad to wa\u017cne s\u0142owo!\u201d, a\u00a0Anna dodawa\u0142a: \u201eKto wie, czy nie najwa\u017cniejsze?\u201d.<\/strong><\/p>\n<p>To opowie\u015b\u0107 o\u00a0przestrzeni, kt\u00f3rej ju\u017c nie ma, kt\u00f3r\u0105 mog\u0142em pozna\u0107 tylko ze strz\u0119p\u00f3w dawno s\u0142yszanych historii i\u00a0z\u00a0lektury. Stanowi ona dalszy ci\u0105g historii przedstawionej w\u00a0ksi\u0105\u017ckach Elbing-Elbl\u0105g. Na zakr\u0119cie historii oraz jej kontynuacji, przedstawiaj\u0105cej odr\u0119bn\u0105, cho\u0107 powi\u0105zan\u0105 histori\u0119, dyptyk S\u0105siad to wa\u017cne s\u0142owo. Wierz\u0119, \u017ce jak wcze\u015bniej, tak i\u00a0tutaj, prawda zn\u00f3w splecie si\u0119 z\u00a0doz\u0105 wyobra\u017ani, w\u00a0r\u00f3wnie pyszno\u015bciowy bigos, w\u00a0kt\u00f3rym mi\u0119dzy g\u0142adk\u0105 i\u00a0mi\u0119ciutk\u0105 kapustk\u0105 \u2013 fikcj\u0105 \u2013 <strong>pojawi\u0105 si\u0119 smakowite k\u0105ski \u2013 fakty (a\u00a0mo\u017ce na odwr\u00f3t?).<\/strong><\/p>\n<p>Bohaterowie tej ksi\u0105\u017cki s\u0105 zwyk\u0142ymi, acz niezwyk\u0142ymi lud\u017ami, dzi\u0119ki kt\u00f3rym tamten kresowy \u015bwiat zwyczajnie \u017cy\u0142, ale bez nich, bez ich pracy, bez ich uporczywej, ci\u0105g\u0142ej walki o\u00a0codzienno\u015b\u0107, o\u00a0przetrwanie roku, kolejnego i\u00a0dalszego, <strong>nie istnia\u0142by ten nasz dzisiejszy \u015bwiat<\/strong>, kt\u00f3ry doskonale poradzi\u0142by sobie bez wielu innych ludzi, w\u00a0oczach opinii publicznej kreuj\u0105cych si\u0119 na jednostki niezb\u0119dne dla \u017cycia Polski. Tej Polski, jak\u0105 by ona nie by\u0142a.<\/p>\n<p>Z\u00a0za\u0142o\u017cenia ta opowie\u015b\u0107 jest ho\u0142dem z\u0142o\u017conym wspania\u0142ym, zwyk\u0142ym ludziom tamtych czas\u00f3w. Prawdziwym ludziom, z\u00a0krwi i\u00a0ko\u015bci, \u017cadnym tam idea\u0142om! Chocia\u017c oni, w\u00a0swoim mniemaniu, byli zwyk\u0142ymi lud\u017ami, <strong>to\u00a0dla mnie byli kim\u015b, do kogo czuj\u0119 najwi\u0119kszy szacunek i\u00a0podziw<\/strong>. A\u00a0\u017ce ich losy, w\u00a0ko\u0144cu, w\u00a0akcie desperacji, musia\u0142em wykreowa\u0107, oscyluj\u0105c mi\u0119dzy historyczn\u0105 prawd\u0105, a\u00a0wyobra\u017ani\u0105 literack\u0105? \u201eTo nic, \u017ce sk\u0142amane, wa\u017cne, \u017ce \u0142adnie opowiedziane!\u201d\u2026<\/p>\n<p>Zawsze chcia\u0142em Im podzi\u0119kowa\u0107. Nie mia\u0142em okazji. Odeszli, gdy albo mnie jeszcze nie by\u0142o, albo ju\u017c by\u0142em, ale za m\u0142ody, by zrozumie\u0107, jak byli wa\u017cni dla obecnego \u015bwiata\u2026 <strong>Ta ksi\u0105\u017cka to moje podzi\u0119kowanie.<\/strong><\/p>\n<p>Dzi\u0119kuj\u0119<br \/>\nWiktor Hajdenrajch<\/p>\n","protected":false},"excerpt":{"rendered":"<p>Autorzy: Wiktor Hajdenrajch<\/p>\n<p>Redakcja: Marek Trenkler, Damian Tarkowski<\/p>\n<p>Patronat: Polskie Wydawnictwa Niezale\u017cne<\/p>\n<p>Typ: Ksi\u0105\u017cka<\/p>\n<p>Rok wydania: 2022<\/p>\n<p>ISBN: 978-83-65185-25-9<\/p>\n<p>Obj\u0119to\u015b\u0107: 290 stron<\/p>\n<p>&nbsp;<\/p>\n","protected":false},"featured_media":4162,"template":"","meta":[],"product_cat":[303,64],"product_tag":[346,334,333,350,351,341,336,345,349,339,337,347,344,335,343,340,289,338,342,348],"royalty-types":[],"trackgenre":[171,411],"tracksoftware":[],"_links":{"self":[{"href":"https:\/\/sklep.hoid.pl\/index.php?rest_route=\/wp\/v2\/product\/4161"}],"collection":[{"href":"https:\/\/sklep.hoid.pl\/index.php?rest_route=\/wp\/v2\/product"}],"about":[{"href":"https:\/\/sklep.hoid.pl\/index.php?rest_route=\/wp\/v2\/types\/product"}],"wp:featuredmedia":[{"embeddable":true,"href":"https:\/\/sklep.hoid.pl\/index.php?rest_route=\/wp\/v2\/media\/4162"}],"wp:attachment":[{"href":"https:\/\/sklep.hoid.pl\/index.php?rest_route=%2Fwp%2Fv2%2Fmedia&parent=4161"}],"wp:term":[{"taxonomy":"product_cat","embeddable":true,"href":"https:\/\/sklep.hoid.pl\/index.php?rest_route=%2Fwp%2Fv2%2Fproduct_cat&post=4161"},{"taxonomy":"product_tag","embeddable":true,"href":"https:\/\/sklep.hoid.pl\/index.php?rest_route=%2Fwp%2Fv2%2Fproduct_tag&post=4161"},{"taxonomy":"royalty-types","embeddable":true,"href":"https:\/\/sklep.hoid.pl\/index.php?rest_route=%2Fwp%2Fv2%2Froyalty-types&post=4161"},{"taxonomy":"trackgenre","embeddable":true,"href":"https:\/\/sklep.hoid.pl\/index.php?rest_route=%2Fwp%2Fv2%2Ftrackgenre&post=4161"},{"taxonomy":"tracksoftware","embeddable":true,"href":"https:\/\/sklep.hoid.pl\/index.php?rest_route=%2Fwp%2Fv2%2Ftracksoftware&post=4161"}],"curies":[{"name":"wp","href":"https:\/\/api.w.org\/{rel}","templated":true}]}}