{"id":4351,"date":"2023-03-05T19:59:15","date_gmt":"2023-03-05T19:59:15","guid":{"rendered":"https:\/\/sklep.hoid.pl\/?post_type=product&#038;p=4351"},"modified":"2023-03-06T00:31:37","modified_gmt":"2023-03-06T00:31:37","slug":"katar-2022-niepokonani-czyli-wielki-triumf-chat-gpt","status":"publish","type":"product","link":"https:\/\/sklep.hoid.pl\/?product=katar-2022-niepokonani-czyli-wielki-triumf-chat-gpt","title":{"rendered":"CHAT GPT \u2013 Katar 2022: Niepokonani czyli WIELKI TRIUMF \u2013 audiobook"},"content":{"rendered":"<p><span style=\"font-weight: 400;\"><strong><em>Wszelkie podobie\u0144stwo do prawdziwych os\u00f3b i zdarze\u0144 jest przypadkowe&#8230; cho\u0107 nie oszukujmy si\u0119, ma\u0142o prawdopodobne. To jednak,\u00a0co pozostaje niemo\u017cliwe dla zwyk\u0142ego cz\u0142owieka, nie stanowi \u017cadnej bariery dla sztucznej inteligencji!<\/em><\/strong><\/span><\/p>\n<p><span style=\"font-weight: 400;\"><em>Czy CHAT GPT mo\u017ce okaza\u0107 si\u0119 sposobem na spe\u0142nienie narodowych marze\u0144 i okaza\u0107 si\u0119 narodow\u0105 terapi\u0105, remedium na ostatnie zwyci\u0119skie pora\u017cki i narodowe niepowodzenia? C\u00f3\u017c. Dlaczego nie? Warto spr\u00f3bowa\u0107 wszystkiego!<\/em><\/span><\/p>\n<p><span style=\"font-weight: 400;\"><em>Ta zabawna i wci\u0105gaj\u0105ca, sympatyczna historia stanowi dow\u00f3d na to, \u017ce na naszych oczach dzieje si\u0119 rewolucja, a sztuczna inteligencja\u00a0ma przed sob\u0105 wielk\u0105 przysz\u0142o\u015b\u0107!\u00a0<strong>Jutro zaczyna si\u0119 dzi\u015b!\u00a0<\/strong><\/em><\/span><\/p>\n<p><span style=\"font-weight: 400;\">Prze\u017cyj zwyci\u0119ski mundial w Katarze!\u00a0Pod\u0105\u017caj drog\u0105 do gwiazd i \u015bwi\u0119tuj polski sukces u znanego tureckiego restauratora!\u00a0<strong>Pos\u0142uchaj zabawnych historii asystenta kadry <\/strong>zagubionego na pustyni w\u015br\u00f3d arabskich szejk\u00f3w!\u00a0Poznaj <strong>pon\u0119tn\u0105<\/strong> <strong>Nicole Texas<\/strong> kibicuj\u0105c\u0105 polskiej kadrze!\u00a0Dowiedz si\u0119, dlaczego skorpiony wr\u00f3\u017cy\u0142y Polakom zwyci\u0119stwa!\u00a0Pos\u0142uchaj zwyci\u0119skich wywiad\u00f3w z polskimi pi\u0142karzami!\u00a0Dowiedz si\u0119 jak przebieg\u0142o \u015bwi\u0119towanie polskiego kapitana ze znakomit\u0105 polsk\u0105 tenisistk\u0105&#8230; i wiele, wiele wi\u0119cej!\u00a0<\/span><\/p>\n<p><span style=\"font-weight: 400;\"><strong>Prze\u017cyj pasjonuj\u0105ce p\u00f3\u0142torej godziny z audiobookiem, jakiego nigdy dot\u0105d nie by\u0142o zar\u00f3wno w kwestii formy, projektu jak i tre\u015bci! <\/strong>A wszystko to w humorystycznej, sympatycznej oprawie o kt\u00f3r\u0105 zadba\u0142\u00a0<strong>CHAT GPT<\/strong>, po raz kolejny udowadniaj\u0105c, \u017ce dla sztucznej inteligencji nie ma dzi\u015b rzeczy niemo\u017cliwych!<\/span><\/p>\n<p><span style=\"font-weight: 400;\"><em>Ju\u017c nie mecz w deszczu w 1974 roku, nie pami\u0119tny remis na Wembley, nie zwyci\u0119stwo z Portugali\u0105 w Chorzowie i nie \u0107wier\u0107fina\u0142 mistrzostw Europy. Ca\u0142a generacja b\u0119dzie wspomina\u0107 zwyci\u0119stwo na katarskim mundialu, kt\u00f3re owszem, nie by\u0142o sensacj\u0105, ale z ca\u0142\u0105 pewno\u015bci\u0105 jest wielk\u0105 niespodziank\u0105!\u00a0<\/em><em>Zwykli\u015bmy \u015bpiewa\u0107, \u017ce nic si\u0119 nie sta\u0142o, ale w\u0142a\u015bnie dzi\u015b, w\u0142a\u015bnie teraz STA\u0141O SI\u0118! A w\u0142a\u015bnie, \u017ce si\u0119 sta\u0142o!\u00a0<strong>Ch\u0142opaki, co wy narobili\u015bcie?!<\/strong>\u00a0Co oni narobili?!\u00a0<\/em><\/span><\/p>\n<p><em>Kupuj\u0105c ten produkt wspierasz Polskie Wydawnictwa Niezale\u017cne! Wa\u017cny projekt na polskiej mapie wydawniczej.<\/em><\/p>\n","protected":false},"excerpt":{"rendered":"<p>Autorzy: CHAT GPT, HOID.PL<\/p>\n<p>Wykonanie: HOID AUDIO SYSTEM<\/p>\n<p>Muzyka: HOID.PL Wydawnictwo Horyzont Idei<\/p>\n<p>Redakcja: HOID.PL Wydawnictwo Horyzont Idei<\/p>\n<p>Wydawca: Wydawnictwo Horyzont Idei<\/p>\n<p>Patronat: Polskie Wydawnictwa Niezale\u017cne<\/p>\n<p>Typ: Audiobook<\/p>\n<p>Rok wydania: 2023<\/p>\n<p>ISBN: 978-83-65185-74-7<\/p>\n","protected":false},"featured_media":4353,"template":"","meta":[],"product_cat":[107],"product_tag":[446,450,449,294,286,447,448,451,452,453,454],"royalty-types":[],"trackgenre":[166],"tracksoftware":[],"_links":{"self":[{"href":"https:\/\/sklep.hoid.pl\/index.php?rest_route=\/wp\/v2\/product\/4351"}],"collection":[{"href":"https:\/\/sklep.hoid.pl\/index.php?rest_route=\/wp\/v2\/product"}],"about":[{"href":"https:\/\/sklep.hoid.pl\/index.php?rest_route=\/wp\/v2\/types\/product"}],"wp:featuredmedia":[{"embeddable":true,"href":"https:\/\/sklep.hoid.pl\/index.php?rest_route=\/wp\/v2\/media\/4353"}],"wp:attachment":[{"href":"https:\/\/sklep.hoid.pl\/index.php?rest_route=%2Fwp%2Fv2%2Fmedia&parent=4351"}],"wp:term":[{"taxonomy":"product_cat","embeddable":true,"href":"https:\/\/sklep.hoid.pl\/index.php?rest_route=%2Fwp%2Fv2%2Fproduct_cat&post=4351"},{"taxonomy":"product_tag","embeddable":true,"href":"https:\/\/sklep.hoid.pl\/index.php?rest_route=%2Fwp%2Fv2%2Fproduct_tag&post=4351"},{"taxonomy":"royalty-types","embeddable":true,"href":"https:\/\/sklep.hoid.pl\/index.php?rest_route=%2Fwp%2Fv2%2Froyalty-types&post=4351"},{"taxonomy":"trackgenre","embeddable":true,"href":"https:\/\/sklep.hoid.pl\/index.php?rest_route=%2Fwp%2Fv2%2Ftrackgenre&post=4351"},{"taxonomy":"tracksoftware","embeddable":true,"href":"https:\/\/sklep.hoid.pl\/index.php?rest_route=%2Fwp%2Fv2%2Ftracksoftware&post=4351"}],"curies":[{"name":"wp","href":"https:\/\/api.w.org\/{rel}","templated":true}]}}