{"id":4435,"date":"2023-03-06T11:01:58","date_gmt":"2023-03-06T11:01:58","guid":{"rendered":"https:\/\/sklep.hoid.pl\/?post_type=product&#038;p=4435"},"modified":"2023-03-06T15:33:38","modified_gmt":"2023-03-06T15:33:38","slug":"donald-lowrie-moje-zycie-na-wolnosci-audiobook-e-book","status":"publish","type":"product","link":"https:\/\/sklep.hoid.pl\/?product=donald-lowrie-moje-zycie-na-wolnosci-audiobook-e-book","title":{"rendered":"Donald Lowrie \u2013 Moje \u017bycie na Wolno\u015bci \u2013 (e-book)"},"content":{"rendered":"<p><strong>Jego \u015bwiadectwo stanowi\u0142o inspiracj\u0119 dla ca\u0142ej epoki Beat Generation.\u00a0<\/strong><\/p>\n<p>Autor ksi\u0105\u017cki, Donald Lowrie, to cz\u0142owiek, kt\u00f3ry dzi\u0119ki bestsellerowi <em>Moje \u017cycie w wi\u0119zieniu<\/em> i swojej aktywnej postawie doprowadzi\u0142 do reformy ameryka\u0144skiego wi\u0119ziennictwa. Jego ksi\u0105\u017cka to dzie\u0142o traktuj\u0105ce o iluzji wolno\u015bci poza wi\u0119ziennymi murami, kre\u015blone wra\u017cliwo\u015bci\u0105 uzdolnionego cz\u0142owieka, kt\u00f3ry opu\u015bci\u0142 wi\u0119zienne mury zderzaj\u0105c si\u0119 ze \u015bwiatem, kt\u00f3ry na z\u0142udzenia pozostawia mniej ni\u017c margines. <strong>Jego styl narracji mo\u017cna por\u00f3wna\u0107 ze stylem wybitnych przedstawicieli p\u00f3\u017aniejszej Beat Generation, zw\u0142aszcza Jacka Kerouaca.<\/strong><\/p>\n<p>W 1915 roku publikuje sequel:<em> Moje \u017bycie na Wolno\u015bci<\/em>, opisuj\u0105c \u017cycie swoje i by\u0142ych wsp\u00f3\u0142wi\u0119\u017ani\u00f3w z nadziej\u0105 na zmian\u0119 w nieuleczalnie chorej cywilizacji ameryka\u0144skiego konsumpcjonizmu. Jego ksi\u0105\u017cka jest ci\u0105gle aktualna &#8211; zw\u0142aszcza w kontek\u015bcie refleksji o wi\u0119ziennictwie polskim i jego stanie obecnym.<\/p>\n<p>Fragment:<\/p>\n<p><em>Pierwszy sierpnia 1911 roku!<\/em><\/p>\n<p><em>Dla ciebie ten dzie\u0144 prawdopodobnie nic nie znaczy, ale dla mnie jest to dzie\u0144, kt\u00f3rego nigdy nie zapomn\u0119, moment wyznaczaj\u0105cy now\u0105 epok\u0119 w moim \u017cyciu \u2013 \u017cyciu do tej pory pe\u0142nym tragicznych do\u015bwiadcze\u0144 i mocnych wra\u017ce\u0144. Od tamtego czasu moja egzystencja jest r\u00f3wnie barwna, o ile nie tragiczna, cho\u0107 w nieco inny spos\u00f3b. To w\u0142a\u015bnie tego dnia, po dziesi\u0119ciu latach sp\u0119dzonych za stalowymi kratami i kamiennymi murami, dziesi\u0119ciu latach w pasiakach, po\u015br\u00f3d ludzkiej degradacji, zosta\u0142em warunkowo zwolniony z wi\u0119zienia San Quentin.<\/em><\/p>\n<p><em>Dzi\u015b to wi\u0119zienie jest domem za\u0142amanego by\u0142ego lidera politycznego z San Francisco, miejscem \u017cycia setek pogr\u0105\u017conych w beznadziei m\u0119\u017cczyzn i kobiet, \u017cywym grobem prawie dw\u00f3ch tysi\u0119cy istot ludzkich, z kt\u00f3rych ka\u017cda jest trybikiem w ponurym, miel\u0105cym kole ludzkiego post\u0119pu, poniewa\u017c \u017caden cz\u0142owiek cierpi\u0105cy z powodu z\u0142amanego \u017cycia w wi\u0119ziennej celi nie jest mniej wa\u017cn\u0105 jednostk\u0105 w ewolucji ludzko\u015bci ni\u017c nadziany kr\u00f3l \u017cycia, rolnik z motyk\u0105 w r\u0119ku czy pastor. Jeszcze nigdy dot\u0105d nie \u017cy\u0142a, i tak\u017ce obecnie nie ma \u017cadnej istoty ludzkiej, kt\u00f3ra kiedy\u015b by nie s\u0142u\u017cy\u0142a lub aktualnie nie s\u0142u\u017cy swojemu wa\u017cnemu celowi w wielkim planie rzeczy.<\/em><\/p>\n<p><em>Fakt, \u017ce ka\u017cda istota ludzka przychodzi na \u015bwiat z ukrytymi sk\u0142onno\u015bciami, pewnymi cechami charakteru oraz dobrze zdefiniowanymi upodobaniami, zawsze by\u0142 dla mnie przyczynkiem do refleksji. Wierz\u0119, \u017ce wszelka my\u015bl ka\u017cdej istoty ludzkiej ma ogromn\u0105 warto\u015b\u0107. \u017by\u0142em z tymi wszystkimi istotami ludzkimi w San Quentin, i z dwustu tysi\u0105cami innych w wi\u0119zieniach rozsianych po ca\u0142ym kraju, ka\u017cdego dnia i o ka\u017cdej godzinie od mojego uwolnienia, i prawdopodobnie b\u0119d\u0119 tak ju\u017c \u017cy\u0142 przez reszt\u0119 mojego \u017cycia.<\/em><\/p>\n","protected":false},"excerpt":{"rendered":"<p>Autorzy: Donald Lowrie<\/p>\n<p>T\u0142umaczenie: HOID.PL<\/p>\n<p>Opracowanie d\u017awi\u0119kowe: HOID.PL Wydawnictwo Horyzont Idei<\/p>\n<p>Wydawca: Wydawnictwo Horyzont Idei<\/p>\n<p>Typ: E-book<\/p>\n<p>Rok wydania: 2023<\/p>\n<p>ISBN: 978-83-65185-22-8<\/p>\n","protected":false},"featured_media":4438,"template":"","meta":[],"product_cat":[15],"product_tag":[502,506,505,504,507,509,501,503,510,508],"royalty-types":[],"trackgenre":[396,122,415,481],"tracksoftware":[],"_links":{"self":[{"href":"https:\/\/sklep.hoid.pl\/index.php?rest_route=\/wp\/v2\/product\/4435"}],"collection":[{"href":"https:\/\/sklep.hoid.pl\/index.php?rest_route=\/wp\/v2\/product"}],"about":[{"href":"https:\/\/sklep.hoid.pl\/index.php?rest_route=\/wp\/v2\/types\/product"}],"wp:featuredmedia":[{"embeddable":true,"href":"https:\/\/sklep.hoid.pl\/index.php?rest_route=\/wp\/v2\/media\/4438"}],"wp:attachment":[{"href":"https:\/\/sklep.hoid.pl\/index.php?rest_route=%2Fwp%2Fv2%2Fmedia&parent=4435"}],"wp:term":[{"taxonomy":"product_cat","embeddable":true,"href":"https:\/\/sklep.hoid.pl\/index.php?rest_route=%2Fwp%2Fv2%2Fproduct_cat&post=4435"},{"taxonomy":"product_tag","embeddable":true,"href":"https:\/\/sklep.hoid.pl\/index.php?rest_route=%2Fwp%2Fv2%2Fproduct_tag&post=4435"},{"taxonomy":"royalty-types","embeddable":true,"href":"https:\/\/sklep.hoid.pl\/index.php?rest_route=%2Fwp%2Fv2%2Froyalty-types&post=4435"},{"taxonomy":"trackgenre","embeddable":true,"href":"https:\/\/sklep.hoid.pl\/index.php?rest_route=%2Fwp%2Fv2%2Ftrackgenre&post=4435"},{"taxonomy":"tracksoftware","embeddable":true,"href":"https:\/\/sklep.hoid.pl\/index.php?rest_route=%2Fwp%2Fv2%2Ftracksoftware&post=4435"}],"curies":[{"name":"wp","href":"https:\/\/api.w.org\/{rel}","templated":true}]}}