{"id":4807,"date":"2023-04-19T09:29:10","date_gmt":"2023-04-19T09:29:10","guid":{"rendered":"https:\/\/sklep.hoid.pl\/?post_type=product&#038;p=4807"},"modified":"2023-11-05T13:51:38","modified_gmt":"2023-11-05T13:51:38","slug":"stanislaw-raginiak-byc-to-be-kopia-2","status":"publish","type":"product","link":"https:\/\/sklep.hoid.pl\/?product=stanislaw-raginiak-byc-to-be-kopia-2","title":{"rendered":"Stanis\u0142aw Raginiak \u2013 CRUCIFIXIO. Polski Rausz"},"content":{"rendered":"<p><strong>O czym pisze\u00a0Stanis\u0142aw Raginiak i\u00a0dlaczego?<\/strong><\/p>\n<p>Przede wszystkim o tym, czego sam do\u015bwiadczy\u0142, ale w moim obszernym opowiadaniu CRUCIFIXIO nie brakuje te\u017c los\u00f3w innych ludzi, kt\u00f3rych spotka\u0142em w swoim ju\u017c do\u015b\u0107 d\u0142ugim \u017cyciu. Poznaj\u0105c wielu m\u0119\u017cczyzn, kt\u00f3rym alkohol pokiereszowa\u0142 \u017cycie, a pewnie i troch\u0119 zniszczy\u0142 moje, uzna\u0142em, \u017ce niekt\u00f3re fragmenty ich i swojego losu trzeba zapisa\u0107. Mam nadziej\u0119, \u017ce wysz\u0142o z tego co\u015b interesuj\u0105cego. A dlaczego pisz\u0119? To niby proste pytanie jest jednocze\u015bnie ogromnie trudne do kr\u00f3tkiego, precyzyjnego zdefiniowania. My\u015bl\u0119, \u017ce zabieraj\u0105c si\u0119 za pisanie, za CRUCIFIXIO, chcia\u0142em przede wszystkim opowiedzie\u0107 fragment \u017cycia Piotra, kt\u00f3re niszczy\u0142 alkohol. Pewnie te\u017c przez t\u0119 opowie\u015b\u0107 chc\u0119 przestrzec innych, kt\u00f3rzy mniej b\u0105d\u017a bardziej uzale\u017cnieni od picia, nie zdaj\u0105 sobie sprawy, jak marny czeka ich los, je\u015bli w por\u0119 nie zaczn\u0105 si\u0119 leczy\u0107. Alkoholizm to choroba niebezpieczna, jak na przyk\u0142ad nowotw\u00f3r. Je\u015bli przez to opowiadanie uratuj\u0119 cho\u0107by jedno \u017cycie, to tak jakbym uratowa\u0142 ca\u0142y \u015bwiat\u2026 Ostatnie zdanie niemal dos\u0142ownie pochodzi z filmu LISTA SCHINDLERA.<\/p>\n<p><strong>Historie z \u017cycia, obserwacje, fantazja? Gdzie\u00a0Stanis\u0142aw Raginiak\u00a0szuka inspiracji?<\/strong><\/p>\n<p>W opowiadaniu jest wszystko, co wymieni\u0142e\u015b. Inspiracji do CRUCIFIXIO generalnie nie musia\u0142em szuka\u0107, taki troch\u0119 by\u0142 m\u00f3j los, takie by\u0142o \u017cycie tych, kt\u00f3rych nieraz bardzo polubi\u0142em, ale niewielu ju\u017c z nich chodzi po ziemi, nie dali sobie rady z uzale\u017cnieniem.<\/p>\n<p><strong>Dlaczego proza, a nie inna forma tw\u00f3rczej ekspresji?<\/strong><\/p>\n<p>Chyba powinno si\u0119 pisa\u0107 o tym, czego si\u0119 do\u015bwiadczy\u0142o. Mnie nie interesuje \u015bwiat wymy\u015blony, wydumany, nieprawdziwy, oderwany od prawdziwo\u015bci ludzkiego losu. Jestem przekonany, \u017ce kto\u015b kto na przyk\u0142ad nie przeszed\u0142 przez alkoholowe piek\u0142o, nie ma prawa pisa\u0107 o nim, bo go nie zna. Kr\u00f3tko, ale szczerze.<\/p>\n<p><strong>Alkohol. Czy da si\u0119 \u017cy\u0107 w kraju w kt\u00f3rym nikt nie pije? Jak on by wygl\u0105da\u0142.<\/strong><\/p>\n<p>Nie ma takiego kraju. R\u00f3\u017cnica polega tylko na kulturze picia. Jasne, mo\u017cna temat rozszerzy\u0107 i rzec, \u017ce w naszym kraju pi\u0142o si\u0119 zawsze i przewa\u017cnie zbyt du\u017co. Najpierw w socjalizmie celowo rozpijano nar\u00f3d, brakowa\u0142o podstawowych artyku\u0142\u00f3w, ale jaka\u015b <em>berbelucha<\/em> zawsze by\u0142a w zasi\u0119gu r\u0119ki. Pito w\u00f3wczas nawet w\u00f3dk\u0119 Ba\u0142tyk, co za pi\u0119kna nazwa, produkowan\u0105 podobno z\u2026 karbidu. Po wypitej \u0107wiartce g\u0142owa bola\u0142a tydzie\u0144. Dzi\u015b z kolei p\u00f3\u0142ki uginaj\u0105 si\u0119 od alkoholu, jest zbyt \u0142atwo dost\u0119pny, szczeg\u00f3lnie dla m\u0142odych. W USA, gdy si\u0119 wejdzie do lokalu i chce zam\u00f3wi\u0107 alkohol, trzeba mie\u0107 sko\u0144czone 21 lat. A u nas\u2026? Pije si\u0119 praktycznie o ka\u017cdej porze i w ka\u017cdym miejscu, a spo\u0142ecze\u0144stwo to akceptuje. Nie wypijamy najwi\u0119cej alkoholu na \u015bwiecie, przeliczaj\u0105c na czysty spirytus, ale kultura picia le\u017cy u nas na \u0142opatkach, a poza tym nasze trunki s\u0105 przewa\u017cnie mocne, minimum 40%. Jakby wygl\u0105da\u0142 \u015bwiat bez w\u00f3dki? Jestem w stanie to sobie wyobrazi\u0107, ale refleksj\u0119 w tym temacie zachowam dla siebie.<\/p>\n<p><strong>Dlaczego ludzie pij\u0105? Gdzie jest ta cienka granica, czy w og\u00f3le istnieje?<\/strong><\/p>\n<p>Powod\u00f3w jest ca\u0142e mn\u00f3stwo. Ogranicz\u0119 si\u0119 do kilku podstawowych: dla dodania sobie odwagi, pokonania stresu, dla zabicia czasu i poradzenia sobie z samotno\u015bci\u0105. A tak\u017ce dlatego, \u017ce osoba niepij\u0105ca w naszym kraju jest postrzegana, jako chora, u\u0142omna. Jest towarzysko podejrzana! Mo\u017ce dlatego, ze kiedy\u015b, w tamtym ustroju, gdy kto\u015b odmawia\u0142 kieliszka to uwa\u017cano go za konfidenta, za kogo\u015b wsp\u00f3\u0142pracuj\u0105cego z bezpiek\u0105. Granica? Powolne uzale\u017cnienie jest raczej nie do wychwycenia dla przeci\u0119tnego cz\u0142owieka. Dopiero, gdy kto\u015b ju\u017c po cz\u0119\u015bci uzale\u017cniony trafi na psychologa, psychiatr\u0119 lub niepij\u0105cego alkoholika, ci bardzo szybko dostrzeg\u0105 u niego objawy choroby. D\u0142ugi i skomplikowany temat. Mo\u017cna o nim poczyta\u0107 na stronach internetowych<\/p>\n<p><strong>Crucifixio. Ku przestrodze? Jaki jest prawdziwy sens szarej codzienno\u015bci Piotra?<\/strong><\/p>\n<p>Niew\u0105tpliwie tak. Ksi\u0105\u017cka nie jest jednak li tylko o piciu w\u00f3dki. Powiedzia\u0142bym, \u017ce raczej o mi\u0142o\u015bci, w kilku odcieniach, z kt\u00f3r\u0105 Piotr sobie nie radzi. Jego do\u015b\u0107 nietypowy los nie jest \u0142atwy do jednoznacznego okre\u015blenia. Dla mnie, autora, najwa\u017cniejsze jest to, co on my\u015bli szamoc\u0105c si\u0119 z \u017cyciem, i to, co przyczyni\u0142o si\u0119 do tego, \u017ce sta\u0142 si\u0119 alkoholikiem. Jaki jest prawdziwy sens szarej codzienno\u015bci Piotra? W ca\u0142ym tym losowym konglomeracie jego \u017cycia mo\u017ce i nie ma sensu, ale\u2026 Ale mo\u017ce opisuj\u0105c jego \u2013 wcale nie takie monotonne \u2013 \u017cycie uda\u0142o mi si\u0119 co\u015b wa\u017cnego powiedzie\u0107 tym, kt\u00f3rzy \u2013 po przeczytaniu POLSKIEGO RAUSZU \u2013 b\u0119d\u0105 si\u0119 z nim uto\u017csamia\u0107, przede wszystkim w kwestii uzale\u017cnienia alkoholowego, a ko\u0144cz\u0105c lektur\u0119 klepn\u0105 si\u0119 d\u0142oni\u0105 w czo\u0142o i krzykn\u0105: jestem jak Piotr!<\/p>\n<p><strong>\u017byciowe decyzje. Czy celem m\u0119\u017cczyzny jest poszukiwanie spokoju? Jak radzi\u0107 sobie z monotoni\u0105 \u017cycia i nud\u0105. Co robi\u0107, by nie wpa\u015b\u0107 w pu\u0142apk\u0119 alkoholizmu?<\/strong><\/p>\n<p>Absolutnie nie, m\u0119\u017cczyzna z krwi i ko\u015bci wszystkiego powinien szuka\u0107 w \u017cyciu, tylko nie spokoju, hm, mo\u017ce na stare lata. Tak wyobra\u017cam sobie prawdziwego m\u0119\u017cczyzn\u0119, jako wojownika. Prawdziwy facet powinien by\u0107 dzielny, tw\u00f3rczy i szlachetny. No i musi mie\u0107 wielkie serce do mi\u0142o\u015bci, gdy\u017c bez niej \u017cycie nie ma sensu. W \u017cyciu nudz\u0105 si\u0119 ci, kt\u00f3rzy nie wierz\u0105 w Boga i nie maj\u0105 pasji. A co czyni\u0107 ze swoim \u017cyciem, by nie wpa\u015b\u0107 w pu\u0142apk\u0119 alkoholizmu? Mimo \u017ce w \u017cyciu do\u015bwiadczy\u0142em wielu wzlot\u00f3w i upadk\u00f3w, nierzadko towarzyszy\u0142 im alkohol, to nie potrafi\u0119 jednoznacznie wskaza\u0107 remedium, kt\u00f3re zabezpieczy nas przed alkoholizmem. Chocia\u017c\u2026 nie do ko\u0144ca jestem szczery\u2026 Uwa\u017cam bowiem, \u017ce odpowied\u017a na to pytanie przynosi ta ksi\u0105\u017cka.<\/p>\n","protected":false},"excerpt":{"rendered":"<p>Autorzy: Stanis\u0142aw Raginiak<\/p>\n<p>Redakcja: Stanis\u0142aw Raginiak, Damian Tarkowski<\/p>\n<p>Wydawca: Wydawnictwo Horyzont Idei<\/p>\n<p>Typ: Ksi\u0105\u017cka<\/p>\n<p>Rok wydania: 2023<\/p>\n<p>ISBN: 978-83-65185-71-6<\/p>\n","protected":false},"featured_media":4809,"template":"","meta":[],"product_cat":[303,64],"product_tag":[651,648,291,130,324,650,649,543,269,264,268],"royalty-types":[],"trackgenre":[171,411],"tracksoftware":[],"_links":{"self":[{"href":"https:\/\/sklep.hoid.pl\/index.php?rest_route=\/wp\/v2\/product\/4807"}],"collection":[{"href":"https:\/\/sklep.hoid.pl\/index.php?rest_route=\/wp\/v2\/product"}],"about":[{"href":"https:\/\/sklep.hoid.pl\/index.php?rest_route=\/wp\/v2\/types\/product"}],"wp:featuredmedia":[{"embeddable":true,"href":"https:\/\/sklep.hoid.pl\/index.php?rest_route=\/wp\/v2\/media\/4809"}],"wp:attachment":[{"href":"https:\/\/sklep.hoid.pl\/index.php?rest_route=%2Fwp%2Fv2%2Fmedia&parent=4807"}],"wp:term":[{"taxonomy":"product_cat","embeddable":true,"href":"https:\/\/sklep.hoid.pl\/index.php?rest_route=%2Fwp%2Fv2%2Fproduct_cat&post=4807"},{"taxonomy":"product_tag","embeddable":true,"href":"https:\/\/sklep.hoid.pl\/index.php?rest_route=%2Fwp%2Fv2%2Fproduct_tag&post=4807"},{"taxonomy":"royalty-types","embeddable":true,"href":"https:\/\/sklep.hoid.pl\/index.php?rest_route=%2Fwp%2Fv2%2Froyalty-types&post=4807"},{"taxonomy":"trackgenre","embeddable":true,"href":"https:\/\/sklep.hoid.pl\/index.php?rest_route=%2Fwp%2Fv2%2Ftrackgenre&post=4807"},{"taxonomy":"tracksoftware","embeddable":true,"href":"https:\/\/sklep.hoid.pl\/index.php?rest_route=%2Fwp%2Fv2%2Ftracksoftware&post=4807"}],"curies":[{"name":"wp","href":"https:\/\/api.w.org\/{rel}","templated":true}]}}