{"id":4959,"date":"2023-12-07T09:04:19","date_gmt":"2023-12-07T09:04:19","guid":{"rendered":"https:\/\/sklep.hoid.pl\/?post_type=product&#038;p=4959"},"modified":"2023-12-07T10:18:55","modified_gmt":"2023-12-07T10:18:55","slug":"frank-lyman-baum-zycie-i-przygody-swietego-mikolaja","status":"publish","type":"product","link":"https:\/\/sklep.hoid.pl\/?product=frank-lyman-baum-zycie-i-przygody-swietego-mikolaja","title":{"rendered":"Frank Lyman Baum  \u2013 \u017bycie i Przygody \u015awi\u0119tego Miko\u0142aja"},"content":{"rendered":"<p>Lyman Frank Baum (15 maja 1856 &#8211; 6 maja 1919) by\u0142 ameryka\u0144skim autorem najbardziej znanym ze swoich ksi\u0105\u017cek fantasy dla dzieci, w szczeg\u00f3lno\u015bci z serii Czarnoksi\u0119\u017cnik z Krainy Oz. Opr\u00f3cz 14 ksi\u0105\u017cek o Oz, Baum napisa\u0142 41 innych powie\u015bci (nie licz\u0105c czterech zaginionych, niepublikowanych powie\u015bci), 83 opowiadania, ponad 200 wierszy i co najmniej 42 scenariusze. Podejmowa\u0142 liczne pr\u00f3by przeniesienia swoich dzie\u0142 na scen\u0119 i ekran; adaptacja pierwszej ksi\u0105\u017cki o Oz z 1939 roku sta\u0142a si\u0119 kamieniem milowym kina XX wieku.<\/p>\n<p>Prezentujemy prawdziwe kompendium wiedzy o \u015awi\u0119tym Miko\u0142aju, kt\u00f3re stanowi wyczerpuj\u0105c\u0105 odpowied\u017a na odwieczne pytanie dzieci &#8211; &#8222;a sk\u0105d si\u0119 wzi\u0105\u0142 \u015awi\u0119ty Miko\u0142aj?&#8221;. Dzi\u0119ki tej ksi\u0105\u017cce dowiesz si\u0119 jak wygl\u0105da\u0142o jego dzieci\u0144stwo, doros\u0142o\u015b\u0107 i p\u00f3\u017aniejsze lata. Przygotuj si\u0119 na niezapomnian\u0105 podr\u00f3\u017c i odkrywanie zagadkowej historii \u015awi\u0119tego Miko\u0142aja, kt\u00f3re o\u017cywi\u0105 Twoje serce, a dzieciom wymaluj\u0105 u\u015bmiech na twarzy. Zanurz si\u0119 w cuda i wiar\u0119 w magi\u0119 obdarowywania, kt\u00f3re wype\u0142ni\u0105 wyobra\u017ani\u0119 wyj\u0105tkow\u0105 magi\u0105.<\/p>\n<p>Na kartach tej pe\u0142nej uroku opowie\u015bci, Baum przedstawia sw\u00f3j w\u0142asny oryginalny pomys\u0142 na histori\u0119 \u015awi\u0119tego Miko\u0142aja. To opowie\u015b\u0107 emanuj\u0105ca rado\u015bci\u0105 i magi\u0105, kt\u00f3ra jest no\u015bnikiem najpi\u0119kniejszych \u015bwi\u0105tecznych warto\u015bci, idealna na wsp\u00f3lne chwile w \u015bwi\u0105tecznym \u017bycie i przygody \u015awi\u0119tego Miko\u0142aja Franka Lymana Bauma to niezwyk\u0142a podr\u00f3\u017c do magicznego \u015bwiata. Ta ksi\u0105\u017cka zaprasza nas do \u015bwiadectwa fascynuj\u0105cych przyg\u00f3d \u015awi\u0119tego Miko\u0142aja, odkrycia jego tajemnic i poznania niesamowitego \u017cycia w magicznym lesie po\u015br\u00f3d niezwyk\u0142ych stworze\u0144 i cud\u00f3w.<\/p>\n<p>Najbardziej zdumiewaj\u0105cym aspektem tej pi\u0119knej bajki jest zjawiskowe po\u0142\u0105czenie rzeczywisto\u015bci z fantazj\u0105, ukazuj\u0105ce niezwyk\u0142\u0105 moc ufno\u015bci i mi\u0142o\u015bci. \u017bycie i Przygody \u015awi\u0119tego Miko\u0142aja to nie tylko doskona\u0142y prezent dla mi\u0142o\u015bnik\u00f3w \u015bwi\u0105t, ale tak\u017ce dla ka\u017cdego, kto szuka magicznych chwil i pragnie uwierzy\u0107, \u017ce dobro\u0107 jest silniejsza od z\u0142a.<\/p>\n<p>&nbsp;<\/p>\n","protected":false},"excerpt":{"rendered":"<p>Autor: Frank Lyman Baum<\/p>\n<p>ISBN: 978-83-65185-93-8<\/p>\n<p>Rodzaj produktu: E-book<\/p>\n<p>Rok wydania: 2023<\/p>\n","protected":false},"featured_media":4960,"template":"","meta":[],"product_cat":[15],"product_tag":[719,721,720,718],"royalty-types":[],"trackgenre":[122],"tracksoftware":[],"_links":{"self":[{"href":"https:\/\/sklep.hoid.pl\/index.php?rest_route=\/wp\/v2\/product\/4959"}],"collection":[{"href":"https:\/\/sklep.hoid.pl\/index.php?rest_route=\/wp\/v2\/product"}],"about":[{"href":"https:\/\/sklep.hoid.pl\/index.php?rest_route=\/wp\/v2\/types\/product"}],"wp:featuredmedia":[{"embeddable":true,"href":"https:\/\/sklep.hoid.pl\/index.php?rest_route=\/wp\/v2\/media\/4960"}],"wp:attachment":[{"href":"https:\/\/sklep.hoid.pl\/index.php?rest_route=%2Fwp%2Fv2%2Fmedia&parent=4959"}],"wp:term":[{"taxonomy":"product_cat","embeddable":true,"href":"https:\/\/sklep.hoid.pl\/index.php?rest_route=%2Fwp%2Fv2%2Fproduct_cat&post=4959"},{"taxonomy":"product_tag","embeddable":true,"href":"https:\/\/sklep.hoid.pl\/index.php?rest_route=%2Fwp%2Fv2%2Fproduct_tag&post=4959"},{"taxonomy":"royalty-types","embeddable":true,"href":"https:\/\/sklep.hoid.pl\/index.php?rest_route=%2Fwp%2Fv2%2Froyalty-types&post=4959"},{"taxonomy":"trackgenre","embeddable":true,"href":"https:\/\/sklep.hoid.pl\/index.php?rest_route=%2Fwp%2Fv2%2Ftrackgenre&post=4959"},{"taxonomy":"tracksoftware","embeddable":true,"href":"https:\/\/sklep.hoid.pl\/index.php?rest_route=%2Fwp%2Fv2%2Ftracksoftware&post=4959"}],"curies":[{"name":"wp","href":"https:\/\/api.w.org\/{rel}","templated":true}]}}