{"id":4979,"date":"2023-12-07T11:42:03","date_gmt":"2023-12-07T11:42:03","guid":{"rendered":"https:\/\/sklep.hoid.pl\/?post_type=product&#038;p=4979"},"modified":"2023-12-07T11:55:12","modified_gmt":"2023-12-07T11:55:12","slug":"raport-i-ocena-procesu-hemi-sync-fale-mozgowe-i-ich-zwiazek-z-psychologia-behawioralna-oraz-fizjologia-mozgu","status":"publish","type":"product","link":"https:\/\/sklep.hoid.pl\/?product=raport-i-ocena-procesu-hemi-sync-fale-mozgowe-i-ich-zwiazek-z-psychologia-behawioralna-oraz-fizjologia-mozgu","title":{"rendered":"ARCHIWA AMERYKA\u0143SKIEGO WYWIADU &#8211; RAPORT I OCENA PROCESU HEMI-SYNC. FALE M\u00d3ZGOWE I ICH ZWI\u0104ZEK Z PSYCHOLOGI\u0104 BEHAWIORALN\u0104 ORAZ FIZJOLOGI\u0104 M\u00d3ZGU"},"content":{"rendered":"<p style=\"margin: 0px;\">Hemi-Sync to innowacyjna technologia, kt\u00f3ra wykorzystuje specjalnie skomponowane d\u017awi\u0119ki i rytmiki w celu stymulacji m\u00f3zgu. Dzi\u0119ki tej technologii mo\u017cliwe jest osi\u0105gni\u0119cie g\u0142\u0119bokiego stanu relaksu, zwi\u0119kszenia koncentracji, poprawy snu i do\u015bwiadczenie odmiennych stan\u00f3w \u015bwiadomo\u015bci.<\/p>\n<p style=\"margin: 12px 0px;\">Zapraszamy do zapoznania si\u0119 z najnowszym i jedynym t\u0142umaczeniem raportu i ocen\u0105 procesu Hemi-Sync dost\u0119pnych w archiwach ameryka\u0144skiego wywiadu. Ten niezwyk\u0142y dokument przedstawia rewolucyjne badania z zakresu fal m\u00f3zgowych i ich zwi\u0105zku z psychologi\u0105 behawioraln\u0105 oraz fizjologi\u0105 m\u00f3zgu.<\/p>\n<p style=\"margin: 12px 0px;\">Raport dost\u0119pny w archiwach wywiadu ameryka\u0144skiego przedstawia szczeg\u00f3\u0142ow\u0105 analiz\u0119 bada\u0144 przeprowadzonych na grupie ochotnik\u00f3w, kt\u00f3rzy do\u015bwiadczyli procesu Hemi-Sync. Wyniki tych bada\u0144 s\u0105 absolutnie fascynuj\u0105ce.<\/p>\n","protected":false},"excerpt":{"rendered":"<p>Autor: ARCHIWA AMERYKA\u0143SKIEGO WYWIADU<\/p>\n<p>ISBN: 978-83-65185-98-3<\/p>\n<p>Rodzaj produktu: E-book<\/p>\n<p>Rok wydania: 2023<\/p>\n","protected":false},"featured_media":4980,"template":"","meta":[],"product_cat":[15],"product_tag":[743,741,739,745,746,282,742],"royalty-types":[],"trackgenre":[],"tracksoftware":[],"_links":{"self":[{"href":"https:\/\/sklep.hoid.pl\/index.php?rest_route=\/wp\/v2\/product\/4979"}],"collection":[{"href":"https:\/\/sklep.hoid.pl\/index.php?rest_route=\/wp\/v2\/product"}],"about":[{"href":"https:\/\/sklep.hoid.pl\/index.php?rest_route=\/wp\/v2\/types\/product"}],"wp:featuredmedia":[{"embeddable":true,"href":"https:\/\/sklep.hoid.pl\/index.php?rest_route=\/wp\/v2\/media\/4980"}],"wp:attachment":[{"href":"https:\/\/sklep.hoid.pl\/index.php?rest_route=%2Fwp%2Fv2%2Fmedia&parent=4979"}],"wp:term":[{"taxonomy":"product_cat","embeddable":true,"href":"https:\/\/sklep.hoid.pl\/index.php?rest_route=%2Fwp%2Fv2%2Fproduct_cat&post=4979"},{"taxonomy":"product_tag","embeddable":true,"href":"https:\/\/sklep.hoid.pl\/index.php?rest_route=%2Fwp%2Fv2%2Fproduct_tag&post=4979"},{"taxonomy":"royalty-types","embeddable":true,"href":"https:\/\/sklep.hoid.pl\/index.php?rest_route=%2Fwp%2Fv2%2Froyalty-types&post=4979"},{"taxonomy":"trackgenre","embeddable":true,"href":"https:\/\/sklep.hoid.pl\/index.php?rest_route=%2Fwp%2Fv2%2Ftrackgenre&post=4979"},{"taxonomy":"tracksoftware","embeddable":true,"href":"https:\/\/sklep.hoid.pl\/index.php?rest_route=%2Fwp%2Fv2%2Ftracksoftware&post=4979"}],"curies":[{"name":"wp","href":"https:\/\/api.w.org\/{rel}","templated":true}]}}