{"id":5078,"date":"2024-01-20T03:27:11","date_gmt":"2024-01-20T03:27:11","guid":{"rendered":"https:\/\/sklep.hoid.pl\/?post_type=product&#038;p=5078"},"modified":"2024-03-29T20:45:17","modified_gmt":"2024-03-29T20:45:17","slug":"arkana-kryminalistyki-tomasz-pawel-szewczyk-donald-lowrie-pigulka-wiedzy-falszowanie-pisma","status":"publish","type":"product","link":"https:\/\/sklep.hoid.pl\/?product=arkana-kryminalistyki-tomasz-pawel-szewczyk-donald-lowrie-pigulka-wiedzy-falszowanie-pisma","title":{"rendered":"Arkana Kryminalistyki: Tomasz Pawe\u0142 Szewczyk, Donald Lowrie &#8211; Pigu\u0142ka wiedzy: fa\u0142szowanie pisma"},"content":{"rendered":"<div data-slate-node=\"element\">\n<h2 class=\"text-base font-normal mb-4\" data-v-1f839202=\"\" data-v-67506c85=\"\">Pigu\u0142ka wiedzy: fa\u0142szowanie pisma. Tomasz Pawe\u0142 Szewczyk, Donald Lowrie &#8211; <span class=\"capitalize\">audiobook.<\/span><\/h2>\n<div class=\"teaser-wrapper\" data-v-1f839202=\"\" data-v-67506c85=\"\">\n<p><span class=\"teaser-text\" data-v-1f839202=\"\" data-v-67506c85=\"\">Kolejna ods\u0142ona serii \u201eArkana Kryminalistyki\u201d. Przed nami najciekawsze zagadnienia kryminalistyczne przedstawione przez wybitnego specjalist\u0119 w dziedzinie pismoznawstwa i ekspertyzy s\u0105dowej, bieg\u0142ego Tomasza Paw\u0142a Szewczyka. Audiobook \u201ePigu\u0142ka wiedzy: fa\u0142szowanie pisma\u201d wzbogacony zosta\u0142 o niezwyk\u0142y, starannie wyselekcjonowany materia\u0142 historyczny, kt\u00f3ry pos\u0142u\u017cy nie tylko pog\u0142\u0119bieniu refleksji i zainteresowaniu s\u0142uchacza przedstawianym tematem, ale tak\u017ce zwr\u00f3ci uwag\u0119 na aspekty konsekwencji przest\u0119pstwa oraz wielowymiarowe kwestie zwi\u0105zane z dzia\u0142aniem wymiaru sprawiedliwo\u015bci i etyk\u0105.<\/span><\/p>\n<div class=\"teaser-description\" data-v-1f839202=\"\" data-v-67506c85=\"\">\n<div id=\"5284122f-5288-4f75-a24d-759f74b4f161\" class=\"html html-default-styles\" data-v-67506c85=\"\" data-v-1f839202=\"\">\n<p>Tomasz Pawe\u0142 Szewczyk poruszy w ksi\u0105\u017cce zagadnienia podrabiania pisma, znaczenia grafologii s\u0105dowej i grafologicznej oceny charakteru cz\u0142owieka, materia\u0142u por\u00f3wnawczego w analizie pisma, pisma maskowanego oraz wp\u0142ywu stanu zdrowia na pismo odr\u0119czne. Wszystko to przeplecione zostanie opowie\u015bci\u0105 cz\u0142owieka, kt\u00f3ry napisa\u0142 histori\u0119 i ryzykuj\u0105c zdrowie i \u017cycie doprowadzi\u0142 do reformy wi\u0119ziennictwa w Stanach Zjednoczonych. W swojej ksi\u0105\u017cce Moje \u017cycie w wi\u0119zieniu, ryzykuj\u0105c wszystko, jako pierwszy opisa\u0142 on realia wi\u0119ziennego \u017cycia, tortury San Quentin i szereg wi\u0119ziennych historii. Nie jest to American Dream. Swoje zapiski wyni\u00f3s\u0142 z wi\u0119zienia ukradkiem, a ich publikacja sta\u0142a si\u0119 bestsellerem, kt\u00f3ry rozszed\u0142 si\u0119 w nak\u0142adzie przekraczaj\u0105cym sto tysi\u0119cy sztuk.<\/p>\n<p>Jako matryc\u0119 dla tre\u015bci przygotowanych przez Tomasza Paw\u0142a Szewczyka, wybitnego pismoznawc\u0119 i bieg\u0142ego s\u0105dowego, nie przez przypadek wybrali\u015bmy ksi\u0105\u017ck\u0119 Donalda Lowriego z pocz\u0105tku XX wieku. Przytoczone fragmenty przedstawiaj\u0105 bezprecedensow\u0105 pr\u00f3b\u0119 wielopoziomowego fa\u0142szerstwa i oszustwa, dzi\u0119ki kt\u00f3remu wi\u0119\u017aniowie planowali swoj\u0105 ucieczk\u0119, a kt\u00f3re przynios\u0142o absolutnie nieoczekiwany skutek. Jest to niebywa\u0142y przyk\u0142ad tego, jak wielopoziomowo ludzki umys\u0142 jest w stanie, w celu uzyskania korzy\u015bci w\u0142asnej, odzyskania wolno\u015bci, po\u015bwi\u0119ci\u0107 \u017cycie i losy innych. Historia jest o tyle szokuj\u0105ca, \u017ce wspomnienia Donalda Lowriego oraz Eda Morrella s\u0105 niepodwa\u017calnie autentyczne.<\/p>\n<p>Obaj panowie s\u0105 postaciami pozytywnymi i zas\u0142uguj\u0105 na zainteresowanie. Ed Morrell by\u0142 bowiem wi\u0119\u017aniem, kt\u00f3ry osi\u0105gn\u0105\u0142 w San Quentin status legendy, a jego losy sta\u0142y si\u0119 podstaw\u0105 film\u00f3w oraz ksi\u0105\u017cek. Tortury, kt\u00f3rym zosta\u0142 poddany, zapinany w ciasny kaftan, du\u017co gorszy ni\u017c zwyk\u0142y kaftan bezpiecze\u0144stwa, i podwieszany w nim lub zostawiany w niewygodnej pozycji na pod\u0142odze ciemnej izolatki na ca\u0142e dnie, a nieraz tygodnie oraz wypracowany przez niego spos\u00f3b przetrwania tej m\u0119ki poprzez zjednoczenie si\u0119 w mistycznym uniesieniu z Bogiem zainspirowa\u0142y jego przyjaciela Jacka Londona do napisania ksi\u0105\u017cki \u201eThe Star Rover\u201d. Sam Ed Morell po u\u0142askawieniu napisa\u0142 nadzwyczaj pasjonuj\u0105c\u0105 biografi\u0119, na kanwie jego los\u00f3w powsta\u0142y tak\u017ce sztuki teatralne oraz hollywoodzka produkcja \u201eThe Jacket\u201d w re\u017cyserii Johna Maybury&#8217;ego, z Adrienem Brodym i Keir\u0105 Knightley w rolach g\u0142\u00f3wnych.<\/p>\n<\/div>\n<\/div>\n<\/div>\n<\/div>\n","protected":false},"excerpt":{"rendered":"<p><span id=\"speechify-first-word-listening-nudge-root-63\" style=\"position: absolute; z-index: 10000;\"><\/span><span id=\"speechify-first-word-listening-nudge-63\"><span id=\"speechify-first-word-listening-nudge-root-64\" style=\"position: absolute; z-index: 10000;\"><\/span><span id=\"speechify-first-word-listening-nudge-64\"><span id=\"speechify-first-word-listening-nudge-root-76\" style=\"position: absolute; z-index: 10000;\"><\/span><span id=\"speechify-first-word-listening-nudge-76\"><span id=\"speechify-first-word-listening-nudge-root-72\" style=\"position: absolute; z-index: 10000;\"><\/span><span id=\"speechify-first-word-listening-nudge-72\"><span id=\"speechify-first-word-listening-nudge-root-72\" style=\"position: absolute; z-index: 10000;\"><\/span><span id=\"speechify-first-word-listening-nudge-72\"><span id=\"speechify-first-word-listening-nudge-root-71\" style=\"position: absolute; z-index: 10000;\"><\/span><span id=\"speechify-first-word-listening-nudge-71\"><span id=\"speechify-first-word-listening-nudge-root-70\" style=\"position: absolute; z-index: 10000;\"><\/span><span id=\"speechify-first-word-listening-nudge-70\"><span id=\"speechify-first-word-listening-nudge-root-73\" style=\"position: absolute; z-index: 10000;\"><\/span><span id=\"speechify-first-word-listening-nudge-73\">Autorzy: Tomasz Pawe\u0142<\/span><\/span><\/span><\/span><\/span><\/span><\/span><\/span> Szewczyk, Donald Lowrie<\/p>\n<p><span id=\"speechify-first-word-listening-nudge-root-63\" style=\"position: absolute; z-index: 10000;\"><\/span><span id=\"speechify-first-word-listening-nudge-63\"><span id=\"speechify-first-word-listening-nudge-root-64\" style=\"position: absolute; z-index: 10000;\"><\/span><span id=\"speechify-first-word-listening-nudge-64\"><span id=\"speechify-first-word-listening-nudge-root-77\" style=\"position: absolute; z-index: 10000;\"><\/span><span id=\"speechify-first-word-listening-nudge-77\"><span id=\"speechify-first-word-listening-nudge-root-73\" style=\"position: absolute; z-index: 10000;\"><\/span><span id=\"speechify-first-word-listening-nudge-73\"><span id=\"speechify-first-word-listening-nudge-root-73\" style=\"position: absolute; z-index: 10000;\"><\/span><span id=\"speechify-first-word-listening-nudge-73\"><span id=\"speechify-first-word-listening-nudge-root-72\" style=\"position: absolute; z-index: 10000;\"><\/span><span id=\"speechify-first-word-listening-nudge-72\"><span id=\"speechify-first-word-listening-nudge-root-71\" style=\"position: absolute; z-index: 10000;\"><\/span><span id=\"speechify-first-word-listening-nudge-71\"><span id=\"speechify-first-word-listening-nudge-root-74\" style=\"position: absolute; z-index: 10000;\"><\/span><span id=\"speechify-first-word-listening-nudge-74\">Wydawca: Wydawnictwo Horyzont<\/span><\/span><\/span><\/span><\/span><\/span><\/span><\/span> Idei<\/p>\n<p><span id=\"speechify-first-word-listening-nudge-root-63\" style=\"position: absolute; z-index: 10000;\"><\/span><span id=\"speechify-first-word-listening-nudge-63\"><span id=\"speechify-first-word-listening-nudge-root-64\" style=\"position: absolute; z-index: 10000;\"><\/span><span id=\"speechify-first-word-listening-nudge-64\"><span id=\"speechify-first-word-listening-nudge-root-74\" style=\"position: absolute; z-index: 10000;\"><\/span><span id=\"speechify-first-word-listening-nudge-74\"><span id=\"speechify-first-word-listening-nudge-root-74\" style=\"position: absolute; z-index: 10000;\"><\/span><span id=\"speechify-first-word-listening-nudge-74\"><span id=\"speechify-first-word-listening-nudge-root-73\" style=\"position: absolute; z-index: 10000;\"><\/span><span id=\"speechify-first-word-listening-nudge-73\"><span id=\"speechify-first-word-listening-nudge-root-72\" style=\"position: absolute; z-index: 10000;\"><\/span><span id=\"speechify-first-word-listening-nudge-72\"><span id=\"speechify-first-word-listening-nudge-root-73\" style=\"position: absolute; z-index: 10000;\"><\/span><span id=\"speechify-first-word-listening-nudge-73\">Seria wydawnicza: Arkana<\/span><\/span><\/span><\/span><\/span><\/span><\/span> Kryminalistyki<\/p>\n<p><span id=\"speechify-first-word-listening-nudge-root-63\" style=\"position: absolute; z-index: 10000;\"><\/span><span id=\"speechify-first-word-listening-nudge-63\"><span id=\"speechify-first-word-listening-nudge-root-63\" style=\"position: absolute; z-index: 10000;\"><\/span><span id=\"speechify-first-word-listening-nudge-63\"><span id=\"speechify-first-word-listening-nudge-root-64\" style=\"position: absolute; z-index: 10000;\"><\/span><span id=\"speechify-first-word-listening-nudge-64\"><span id=\"speechify-first-word-listening-nudge-root-75\" style=\"position: absolute; z-index: 10000;\"><\/span><span id=\"speechify-first-word-listening-nudge-75\"><span id=\"speechify-first-word-listening-nudge-root-75\" style=\"position: absolute; z-index: 10000;\"><\/span><span id=\"speechify-first-word-listening-nudge-75\"><span id=\"speechify-first-word-listening-nudge-root-74\" style=\"position: absolute; z-index: 10000;\"><\/span><span id=\"speechify-first-word-listening-nudge-74\"><span id=\"speechify-first-word-listening-nudge-root-73\" style=\"position: absolute; z-index: 10000;\"><\/span><span id=\"speechify-first-word-listening-nudge-73\"><span id=\"speechify-first-word-listening-nudge-root-74\" style=\"position: absolute; z-index: 10000;\"><\/span><span id=\"speechify-first-word-listening-nudge-74\">Typ: Audiobook<\/span><\/span><\/span><\/span><\/span><\/span><\/span><\/span><\/p>\n<p><span id=\"speechify-first-word-listening-nudge-root-76\" style=\"position: absolute; z-index: 10000;\"><\/span><span id=\"speechify-first-word-listening-nudge-76\"><span id=\"speechify-first-word-listening-nudge-root-76\" style=\"position: absolute; z-index: 10000;\"><\/span><span id=\"speechify-first-word-listening-nudge-76\"><span id=\"speechify-first-word-listening-nudge-root-75\" style=\"position: absolute; z-index: 10000;\"><\/span><span id=\"speechify-first-word-listening-nudge-75\"><span id=\"speechify-first-word-listening-nudge-root-74\" style=\"position: absolute; z-index: 10000;\"><\/span><span id=\"speechify-first-word-listening-nudge-74\">Patronat: Polskie Wydawnictwa<\/span><\/span><\/span><\/span> Niezale\u017cne<\/p>\n<p><span id=\"speechify-first-word-listening-nudge-root-64\" style=\"position: absolute; z-index: 10000;\"><\/span><span id=\"speechify-first-word-listening-nudge-64\"><span id=\"speechify-first-word-listening-nudge-root-63\" style=\"position: absolute; z-index: 10000;\"><\/span><span id=\"speechify-first-word-listening-nudge-63\"><span id=\"speechify-first-word-listening-nudge-root-63\" style=\"position: absolute; z-index: 10000;\"><\/span><span id=\"speechify-first-word-listening-nudge-63\"><span id=\"speechify-first-word-listening-nudge-root-64\" style=\"position: absolute; z-index: 10000;\"><\/span><span id=\"speechify-first-word-listening-nudge-64\"><span id=\"speechify-first-word-listening-nudge-root-77\" style=\"position: absolute; z-index: 10000;\"><\/span><span id=\"speechify-first-word-listening-nudge-77\"><span id=\"speechify-first-word-listening-nudge-root-77\" style=\"position: absolute; z-index: 10000;\"><\/span><span id=\"speechify-first-word-listening-nudge-77\"><span id=\"speechify-first-word-listening-nudge-root-76\" style=\"position: absolute; z-index: 10000;\"><\/span><span id=\"speechify-first-word-listening-nudge-76\"><span id=\"speechify-first-word-listening-nudge-root-75\" style=\"position: absolute; z-index: 10000;\"><\/span><span id=\"speechify-first-word-listening-nudge-75\">Rok wydania: 2024<\/span><\/span><\/span><\/span><\/span><\/span><\/span><\/span><\/p>\n<p><span id=\"speechify-first-word-listening-nudge-root-64\" style=\"position: absolute; z-index: 10000;\"><\/span><span id=\"speechify-first-word-listening-nudge-64\"><span id=\"speechify-first-word-listening-nudge-root-63\" style=\"position: absolute; z-index: 10000;\"><\/span><span id=\"speechify-first-word-listening-nudge-63\"><span id=\"speechify-first-word-listening-nudge-root-64\" style=\"position: absolute; z-index: 10000;\"><\/span><span id=\"speechify-first-word-listening-nudge-64\"><span id=\"speechify-first-word-listening-nudge-root-82\" style=\"position: absolute; z-index: 10000;\"><\/span><span id=\"speechify-first-word-listening-nudge-82\"><span id=\"speechify-first-word-listening-nudge-root-78\" style=\"position: absolute; z-index: 10000;\"><\/span><span id=\"speechify-first-word-listening-nudge-78\"><span id=\"speechify-first-word-listening-nudge-root-78\" style=\"position: absolute; z-index: 10000;\"><\/span><span id=\"speechify-first-word-listening-nudge-78\"><span id=\"speechify-first-word-listening-nudge-root-77\" style=\"position: absolute; z-index: 10000;\"><\/span><span id=\"speechify-first-word-listening-nudge-77\"><span id=\"speechify-first-word-listening-nudge-root-76\" style=\"position: absolute; z-index: 10000;\"><\/span><span id=\"speechify-first-word-listening-nudge-76\"><span id=\"speechify-first-word-listening-nudge-root-79\" style=\"position: absolute; z-index: 10000;\"><\/span><span id=\"speechify-first-word-listening-nudge-79\">ISBN: 978-83-681-4502-1<\/span><\/span><\/span><\/span><\/span><\/span><\/span><\/span><\/span><\/p>\n","protected":false},"featured_media":5097,"template":"","meta":[],"product_cat":[107],"product_tag":[546,506,776,769,773,505,775,772,372,774],"royalty-types":[],"trackgenre":[166],"tracksoftware":[],"_links":{"self":[{"href":"https:\/\/sklep.hoid.pl\/index.php?rest_route=\/wp\/v2\/product\/5078"}],"collection":[{"href":"https:\/\/sklep.hoid.pl\/index.php?rest_route=\/wp\/v2\/product"}],"about":[{"href":"https:\/\/sklep.hoid.pl\/index.php?rest_route=\/wp\/v2\/types\/product"}],"wp:featuredmedia":[{"embeddable":true,"href":"https:\/\/sklep.hoid.pl\/index.php?rest_route=\/wp\/v2\/media\/5097"}],"wp:attachment":[{"href":"https:\/\/sklep.hoid.pl\/index.php?rest_route=%2Fwp%2Fv2%2Fmedia&parent=5078"}],"wp:term":[{"taxonomy":"product_cat","embeddable":true,"href":"https:\/\/sklep.hoid.pl\/index.php?rest_route=%2Fwp%2Fv2%2Fproduct_cat&post=5078"},{"taxonomy":"product_tag","embeddable":true,"href":"https:\/\/sklep.hoid.pl\/index.php?rest_route=%2Fwp%2Fv2%2Fproduct_tag&post=5078"},{"taxonomy":"royalty-types","embeddable":true,"href":"https:\/\/sklep.hoid.pl\/index.php?rest_route=%2Fwp%2Fv2%2Froyalty-types&post=5078"},{"taxonomy":"trackgenre","embeddable":true,"href":"https:\/\/sklep.hoid.pl\/index.php?rest_route=%2Fwp%2Fv2%2Ftrackgenre&post=5078"},{"taxonomy":"tracksoftware","embeddable":true,"href":"https:\/\/sklep.hoid.pl\/index.php?rest_route=%2Fwp%2Fv2%2Ftracksoftware&post=5078"}],"curies":[{"name":"wp","href":"https:\/\/api.w.org\/{rel}","templated":true}]}}