{"id":5174,"date":"2024-12-29T21:52:27","date_gmt":"2024-12-29T21:52:27","guid":{"rendered":"https:\/\/sklep.hoid.pl\/?post_type=product&#038;p=5174"},"modified":"2024-12-29T23:22:03","modified_gmt":"2024-12-29T23:22:03","slug":"francis-marion-crawford-corleone-opowiesc-o-sycylii-trylogia-1898-kopia","status":"publish","type":"product","link":"https:\/\/sklep.hoid.pl\/?product=francis-marion-crawford-corleone-opowiesc-o-sycylii-trylogia-1898-kopia","title":{"rendered":"Francis Marion Crawford \u2013 CORLEONE: Opowie\u015b\u0107 o Sycylii. Trylogia [1898]"},"content":{"rendered":"<p style=\"text-align: center;\"><em>To cudowne, jaki naturalny urok ma morderstwo i nag\u0142a \u015bmier\u0107 w tak romantycznym kraju jak ten. Czyny, kt\u00f3re gdzie indziej by\u0142yby po prostu brutalne i obrzydliwe, staj\u0105 si\u0119 dramatyczne i tajemnicze, poniewa\u017c to s\u0105 W\u0142ochy&#8230;<\/em><\/p>\n<p style=\"text-align: right;\">F. Marion Crawford, <em>For the Blood is the Life.<\/em><\/p>\n<p>Ksi\u0105\u017cka, kt\u00f3r\u0105 oddajemy do r\u0105k naszych Czytelnik\u00f3w powsta\u0142a <strong>dwadzie\u015bcia lat przed narodzinami s\u0142ynnego autora <em>Ojca Chrzestnego<\/em>.\u00a0<\/strong><\/p>\n<p>Dwadzie\u015bcia lat przed tym, jak Mario Puzo przyszed\u0142 na \u015bwiat, ameryka\u0144ski autor o w\u0142oskich korzeniach napisa\u0142 powie\u015b\u0107: <em>CORLEONE: Opowie\u015b\u0107 o Sycylii<\/em>, <strong>przedstawiaj\u0105c\u0105 konflikt mi\u0119dzy sycylijskim rodem Corleone, powi\u0105zanym z mafi\u0105, a szlachetnym rzymskim rodem Saracinesca.\u00a0<\/strong><\/p>\n<p>Jest to w swej istocie powie\u015b\u0107, \u00a0kt\u00f3ra<strong> przedstawia prawdziwego ducha i esencj\u0119 tego, czym w swoim najg\u0142\u0119bszym znaczeniu by\u0142a i jest sycylijska mafia.<\/strong> <strong>Antyrz\u0105dowym ruchem oporu.<\/strong> Znajdujemy w niej wszystko, czego mo\u017cna spodziewa\u0107 si\u0119 po powie\u015bci, kt\u00f3rej powi\u0105zanie z proz\u0105 Maria Puza, s\u0142ynnym <em>Ojcem Chrzestnym<\/em> jest <strong>czym\u015b wi\u0119cej, ni\u017c jedynie zbiegiem okoliczno\u015bci.<\/strong><\/p>\n<p>Powi\u0105zania mi\u0119dzy tymi dzie\u0142ami, jak wskazuje <strong>profesor Taeko Kitahara z Wydzia\u0142u Literatury Angielskiej i Ameryka\u0144skiej, Uniwersytetu Toyo z Tokio<\/strong>, w swojej analizie por\u00f3wnawczej obu tytu\u0142\u00f3w, s\u0105 <strong>tak znacz\u0105ce, \u017ce dalece wykraczaj\u0105 poza prawdopodobie\u0144stwo przypadku&#8230;<\/strong><\/p>\n<p><em>Cho\u0107 fabu\u0142y obu sag rodzinnych r\u00f3\u017cni\u0105 si\u0119 od siebie, ich struktury narracyjne, je\u015bli obserwowa\u0107 z punktu widzenia zdarze\u0144 w ka\u017cdej z historii, wydaj\u0105 si\u0119 podobne. (&#8230;) Jak wida\u0107, mimo pewnych zmian, z obu powie\u015bci wy\u0142aniaj\u0105 si\u0119 wsp\u00f3lne motywy wiktymizacji rodziny i bratob\u00f3jstwa. Wreszcie, w ostatniej cz\u0119\u015bci, obaj autorzy zajmuj\u0105 si\u0119 oczyszczeniem mafii. Podczas gdy w Corleone mafi\u0119 niszczy wojsko, w Ojcu Chrzestnym Michael zleca zab\u00f3jstwa zdrajc\u00f3w i g\u0142\u00f3w rywalizuj\u0105cych rodzin.\u00a0<\/em><\/p>\n<p><em>Obie historie przywracaj\u0105 porz\u0105dek narracyjny poprzez wyt\u0119pienie \u201ez\u0142ej\u201d mafii. Powy\u017csze podobie\u0144stwo sugeruje, \u017ce Crawford stworzy\u0142 struktur\u0119 opowie\u015bci mafijnych, <strong>kt\u00f3r\u0105 nast\u0119pnie Puzo zdaje si\u0119 na\u015bladowa\u0107&#8230;<\/strong><\/em><\/p>\n<p>Profesor Taeko Kitahara, Wydzia\u0142 Literatury Angielskiej i Ameryka\u0144skiej, <em>Dziedzictwo F. Mariona Crawforda: Corleone i Ojciec Chrzestny<\/em>, Uniwersytet Toyo, Tokio, Japonia.<\/p>\n<p>Co nas czeka?<\/p>\n<p>Mafia, Sycylia, zemsta, zazdro\u015b\u0107, mi\u0142o\u015b\u0107, po\u015bcig, mezalians, konflikt rod\u00f3w, wiara, zasady&#8230; a pr\u00f3cz tego konie, winchestery, sycylijskie krajobrazy i ameryka\u0144ski sen. Wszystko to i wiele wi\u0119cej na ponad pi\u0119ciuset stronach ksi\u0105\u017cki, kt\u00f3ra w anna\u0142ach historii literatury mog\u0142aby zapisa\u0107 si\u0119 jako prolog do os\u0142awionej sagi, zekranizowanej przez Francisa Forda Coppol\u0119.<\/p>\n","protected":false},"excerpt":{"rendered":"<p>Autor: Francis Marion Crawford<\/p>\n<p>T\u0142umaczenie: HOID.PL<\/p>\n<p>Wydawca: Horyzont Idei<\/p>\n<p>Typ: audiobook<\/p>\n<p>Rok wydania: 2023<\/p>\n<p>ISBN: 978-83-68145-<span class=\"bold\">30<\/span>-4<\/p>\n","protected":false},"featured_media":5188,"template":"","meta":[],"product_cat":[107],"product_tag":[627,631,628,632,633,634,630,635,629],"royalty-types":[],"trackgenre":[166,481],"tracksoftware":[],"_links":{"self":[{"href":"https:\/\/sklep.hoid.pl\/index.php?rest_route=\/wp\/v2\/product\/5174"}],"collection":[{"href":"https:\/\/sklep.hoid.pl\/index.php?rest_route=\/wp\/v2\/product"}],"about":[{"href":"https:\/\/sklep.hoid.pl\/index.php?rest_route=\/wp\/v2\/types\/product"}],"wp:featuredmedia":[{"embeddable":true,"href":"https:\/\/sklep.hoid.pl\/index.php?rest_route=\/wp\/v2\/media\/5188"}],"wp:attachment":[{"href":"https:\/\/sklep.hoid.pl\/index.php?rest_route=%2Fwp%2Fv2%2Fmedia&parent=5174"}],"wp:term":[{"taxonomy":"product_cat","embeddable":true,"href":"https:\/\/sklep.hoid.pl\/index.php?rest_route=%2Fwp%2Fv2%2Fproduct_cat&post=5174"},{"taxonomy":"product_tag","embeddable":true,"href":"https:\/\/sklep.hoid.pl\/index.php?rest_route=%2Fwp%2Fv2%2Fproduct_tag&post=5174"},{"taxonomy":"royalty-types","embeddable":true,"href":"https:\/\/sklep.hoid.pl\/index.php?rest_route=%2Fwp%2Fv2%2Froyalty-types&post=5174"},{"taxonomy":"trackgenre","embeddable":true,"href":"https:\/\/sklep.hoid.pl\/index.php?rest_route=%2Fwp%2Fv2%2Ftrackgenre&post=5174"},{"taxonomy":"tracksoftware","embeddable":true,"href":"https:\/\/sklep.hoid.pl\/index.php?rest_route=%2Fwp%2Fv2%2Ftracksoftware&post=5174"}],"curies":[{"name":"wp","href":"https:\/\/api.w.org\/{rel}","templated":true}]}}