{"id":5251,"date":"2024-12-30T12:36:16","date_gmt":"2024-12-30T12:36:16","guid":{"rendered":"https:\/\/sklep.hoid.pl\/?post_type=product&#038;p=5251"},"modified":"2024-12-31T12:42:14","modified_gmt":"2024-12-31T12:42:14","slug":"jon-rappoport-przedsiebiorstwo-aids-najwiekszy-skandal-medyczny-xx-go-wieku-tom-1-falszywa-epidemia-aids","status":"publish","type":"product","link":"https:\/\/sklep.hoid.pl\/?product=jon-rappoport-przedsiebiorstwo-aids-najwiekszy-skandal-medyczny-xx-go-wieku-tom-1-falszywa-epidemia-aids","title":{"rendered":"Jon Rappoport &#8211; Przedsi\u0119biorstwo AIDS. Najwi\u0119kszy skandal medyczny XX-go wieku. Tom 1: Fa\u0142szywa epidemia AIDS"},"content":{"rendered":"<p><strong>AIDS INC. \u2013 PRZEDSI\u0118BIORSTWO AIDS. NAJWI\u0118KSZY SKANDAL MEDYCZNY XX WIEKU. <\/strong><\/p>\n<p><strong>TOM 1: FA\u0141SZYWA EPIDEMIA AIDS. <\/strong><\/p>\n<p><strong>SPIS TRE\u015aCI:<\/strong><\/p>\n<p>NOTATKA AUTORA<br \/>\nWST\u0118P<br \/>\nPRZEDSI\u0118BIORSTWO AIDS. WPROWADZENIE OD AUTORA<br \/>\nCZ\u0118\u015a\u0106 PIERWSZA. NIEUDOWODNIONA EPIDEMIA AIDS<br \/>\nROZDZIA\u0141 PIERWSZY. AIDS W TELEWIZJI<br \/>\nROZDZIA\u0141 DRUGI. NIEZNANY POW\u00d3D \u015aMIERTELNO\u015aCI<br \/>\nROZDZIA\u0141 TRZECI. CZY DO\u015aWIADCZENIE WI\u0118ZIENNE MO\u017bE SPOWODOWA\u0106 AIDS?<br \/>\nROZDZIA\u0141 CZWARTY. CHEMICZNA ODMIANA AIDS<br \/>\nROZDZIA\u0141 PI\u0104TY. KTO WYLANSOWA\u0141 POPPERSA?<br \/>\nROZDZIA\u0141 SZ\u00d3STY. NARKOTYKI I AIDS: WYWIAD Z OSOB\u0104 ZARZ\u0104DZAJ\u0104C\u0104 KLINIK\u0104 TERAPII AIDS<br \/>\nROZDZIA\u0141 SI\u00d3DMY. LATA ANTYBIOTYKOTERAPII: WI\u0118CEJ NA TEMAT CHEMICZNYCH \u0179R\u00d3DE\u0141 AIDS<br \/>\nROZDZIA\u0141 \u00d3SMY. PESTYCYDY I DUMPING NARKOTYKOWY W TRZECIM \u015aWIECIE: CZY TO AIDS?<br \/>\nROZDZIA\u0141 DZIEWI\u0104TY. WPROWADZENIE AZT<br \/>\nROZDZIA\u0141 DZIESI\u0104TY. NIEDO\u017bYWIENIE PRZY AIDS<br \/>\nROZDZIA\u0141 JEDENASTY. FA\u0141SZYWE STUDIUM PRZYPADKU: AIDS W UGANDZIE<br \/>\nROZDZIA\u0141 DWUNASTY. CZY TO WIRUS HIV POWODUJE CHOROB\u0118?<br \/>\nROZDZIA\u0141 TRZYNASTY. PNEUMOCYSTOZA, G\u0141\u00d3WNY OBJAW AIDS<br \/>\nROZDZIA\u0141 CZTERNASTY. MI\u0118SAK KAPOSIEGO<br \/>\nROZDZIA\u0141 PI\u0118TNASTY. WYWIAD Z BIOLOGIEM MOLEKULARNYM: CZY TO HIV POWODUJE AIDS?<br \/>\nROZDZIA\u0141 SZESNASTY. WYWIAD Z PETEREM DUESBERGIEM: CZY HIV POWODUJE AIDS?<br \/>\nROZDZIA\u0141 SIEDEMNASTY. DEMENCJA AIDS I PSYCHIATRZY<br \/>\nROZDZIA\u0141 OSIEMNASTY. WYWIAD Z DOKTOREM JOSEPHEM SONNABENDEM<\/p>\n<p><span style=\"font-weight: 400;\">W ksi\u0105\u017cce PRZEDSI\u0118BIORSTWO AIDS ujawniona zostaje ludzka chciwo\u015b\u0107 pieni\u0119dzy i w\u0142adzy oraz przedstawione jest to, jak sie\u0107 &#8222;starego lobby&#8221; ingeruje w dzia\u0142anie federalnie regulowanych ameryka\u0144skich instytucji badawczych, kt\u00f3rych lider\u00f3w za ten stan rzeczy okrywa ha\u0144ba. <\/span><\/p>\n<p><span style=\"font-weight: 400;\">Kiedy sko\u0144czysz czyta\u0107 PRZEDSI\u0118BIORSTWO AIDS, zrozumiesz, dlaczego wirus \u0142\u0105czony z AIDS jest stosunkowo nieszkodliwym intruzem, kt\u00f3rego wykorzystano w sytuacji sztucznie stworzonej przez cz\u0142owieka. Poznasz prawdziw\u0105 natur\u0119 zagro\u017ce\u0144 dla uk\u0142adu odporno\u015bciowego, kt\u00f3re dotykaj\u0105 nas wszystkich. <strong>Zrozumiesz, dlaczego epidemia AIDS i inne epidemie, kt\u00f3re z pewno\u015bci\u0105 nast\u0105pi\u0105, nie ust\u0105pi\u0105, dop\u00f3ki cz\u0142owiek nie zmieni swojego nastawienia. Poznasz prawd\u0119, zmienisz zdanie i uwolnisz si\u0119.<\/strong><\/span><\/p>\n<p><span style=\"font-weight: 400;\">W dzisiejszym \u015bwiecie jest tylko oko\u0142o dwustu naukowc\u00f3w, kt\u00f3rzy rozumiej\u0105 swoisty j\u0119zyk i symbole hermetycznej i tajemniczej dziedziny nauki &#8211; wirusologii. Ze sterylnych i odizolowanych sanktuari\u00f3w ci &#8222;kap\u0142ani wirusologii&#8221; nakre\u015blili w\u0142asne interpretacje &#8222;Wy\u017cszej Wiedzy&#8221; w odniesieniu do \u015bwiata Natury. Ci nieliczni szafarze wiedzy poinformowali miliony lekarzy na \u015bwiecie o tym, jaki jest ich zdaniem prawdziwy stan rzeczy w kwestii choroby zwanej AIDS. O\u015blepili nas swoimi egzotycznymi symbolami i relikwiarzem swych &#8222;laboratori\u00f3w&#8221;! O\u015blepili nas pod k\u0105tem dostrzegania oczywistych uwarunkowa\u0144 \u015brodowiska, w kt\u00f3rym codziennie jeste\u015bmy zanurzeni. Jednak to w\u0142a\u015bnie za\u0142amanie si\u0119 dynamicznej r\u00f3wnowagi w stale otaczaj\u0105cych nas \u015brodowiskach powoduje os\u0142abienie naszego uk\u0142adu immunologicznego. Osi\u0105gni\u0119to dla AIDS mas\u0119 krytyczn\u0105. Rappoport dokumentuje te wydarzenia.<\/span><\/p>\n<p><span style=\"font-weight: 400;\">Laurence E. Badgley<\/span><\/p>\n","protected":false},"excerpt":{"rendered":"<p>Autor: Jon Rappoport<\/p>\n<p>ISBN: 978-83-65185-95-2<\/p>\n<p>Rodzaj produktu: audiobook i e-book<\/p>\n<p>Rok wydania: 2023<\/p>\n","protected":false},"featured_media":5253,"template":"","meta":[],"product_cat":[107,15],"product_tag":[747,754,750,557,749,257,755,751,753,752,748],"royalty-types":[],"trackgenre":[166,122,481,414],"tracksoftware":[],"_links":{"self":[{"href":"https:\/\/sklep.hoid.pl\/index.php?rest_route=\/wp\/v2\/product\/5251"}],"collection":[{"href":"https:\/\/sklep.hoid.pl\/index.php?rest_route=\/wp\/v2\/product"}],"about":[{"href":"https:\/\/sklep.hoid.pl\/index.php?rest_route=\/wp\/v2\/types\/product"}],"wp:featuredmedia":[{"embeddable":true,"href":"https:\/\/sklep.hoid.pl\/index.php?rest_route=\/wp\/v2\/media\/5253"}],"wp:attachment":[{"href":"https:\/\/sklep.hoid.pl\/index.php?rest_route=%2Fwp%2Fv2%2Fmedia&parent=5251"}],"wp:term":[{"taxonomy":"product_cat","embeddable":true,"href":"https:\/\/sklep.hoid.pl\/index.php?rest_route=%2Fwp%2Fv2%2Fproduct_cat&post=5251"},{"taxonomy":"product_tag","embeddable":true,"href":"https:\/\/sklep.hoid.pl\/index.php?rest_route=%2Fwp%2Fv2%2Fproduct_tag&post=5251"},{"taxonomy":"royalty-types","embeddable":true,"href":"https:\/\/sklep.hoid.pl\/index.php?rest_route=%2Fwp%2Fv2%2Froyalty-types&post=5251"},{"taxonomy":"trackgenre","embeddable":true,"href":"https:\/\/sklep.hoid.pl\/index.php?rest_route=%2Fwp%2Fv2%2Ftrackgenre&post=5251"},{"taxonomy":"tracksoftware","embeddable":true,"href":"https:\/\/sklep.hoid.pl\/index.php?rest_route=%2Fwp%2Fv2%2Ftracksoftware&post=5251"}],"curies":[{"name":"wp","href":"https:\/\/api.w.org\/{rel}","templated":true}]}}