{"id":5351,"date":"2025-01-01T13:40:13","date_gmt":"2025-01-01T13:40:13","guid":{"rendered":"https:\/\/sklep.hoid.pl\/?post_type=product&#038;p=5351"},"modified":"2025-01-01T13:51:33","modified_gmt":"2025-01-01T13:51:33","slug":"henri-dunant-o-powstaniu-czerwonego-krzyza-wspomnienie-z-solferino-2","status":"publish","type":"product","link":"https:\/\/sklep.hoid.pl\/?product=henri-dunant-o-powstaniu-czerwonego-krzyza-wspomnienie-z-solferino-2","title":{"rendered":"Henri Dunant \u2013 O powstaniu Czerwonego Krzy\u017ca. Wspomnienie z Solferino"},"content":{"rendered":"<p>Ksi\u0105\u017cka laureata pierwszej Pokojowej Nagrody Nobla, Henriego Dunanta, za\u0142o\u017cyciela Czerwonego Krzy\u017ca, jest wstrz\u0105saj\u0105cym opisem tragedii wojennego do\u015bwiadczenia, kt\u00f3re zainspirowa\u0142o przysz\u0142ego noblist\u0119 do stworzenia komitet\u00f3w pomocy rannym. Ich organizacja by\u0142a w istocie ludzkim, humanitarnym odruchem, za\u015b marzenie Dunanta, aby \u00a0ju\u017c nigdy nie dochodzi\u0142o do wojen, jak wiemy, jest nieosi\u0105galnym idea\u0142em. Jednak o idea\u0142ach nigdy nie wolno zapomina\u0107 &#8211; dlatego oddajemy do r\u0105k Czytelnik\u00f3w t\u0119 wa\u017cn\u0105 i ponadczasow\u0105 ksi\u0105\u017ck\u0119, kt\u00f3rej przes\u0142anie jest zawsze aktualne.<\/p>\n<p>O AUTORZE:<\/p>\n<p>Henri Dunant, s\u0142ynny autor \u201eWspomnienia z Solferino\u201d, urodzi\u0142 si\u0119 w Genewie w 1828 roku. Wykszta\u0142cenie i zasady filantropii, kt\u00f3re zosta\u0142y w nim zaszczepione w m\u0142odo\u015bci, w po\u0142\u0105czeniu z jego naturaln\u0105 energi\u0105 i zdolno\u015bciami organizatorskimi stanowi\u0142y dobr\u0105 podstaw\u0119 do rozwijania idei i d\u0105\u017ce\u0144, kt\u00f3re doprowadzi\u0142y go do tak owocnych czyn\u00f3w.<\/p>\n<p>W 1859 r. nast\u0105pi\u0142o wydarzenie, kt\u00f3re zdecydowanie popchn\u0119\u0142o go do dzie\u0142a, kt\u00f3rego nie zaprzesta\u0142 przez ca\u0142e \u017cycie. Dzia\u0142ania maj\u0105cego na celu z\u0142agodzenie cierpie\u0144 spowodowanych wojn\u0105 lub, z szerszego punktu widzenia, zapocz\u0105tkowanie rz\u0105d\u00f3w pokoju.<\/p>\n<p>Wydarzeniem tym by\u0142a bitwa pod Solferino, kiedy to po raz pierwszy zorganizowa\u0142 w Castiglione korpusy ochotnik\u00f3w, kt\u00f3rych zadaniem by\u0142o poszukiwanie i piel\u0119gnowanie rannych&#8230;<\/p>\n","protected":false},"excerpt":{"rendered":"<p>Autor: Henri Dunant<\/p>\n<p>T\u0142umaczenie: HOID.PL<\/p>\n<p>Wydawca: Wydawnictwo Horyzont Idei<\/p>\n<p>Typ: e-book i audiobook<\/p>\n<p>Rok wydania: 2023<\/p>\n<p>ISBN: 978-83-65185-36-5<\/p>\n","protected":false},"featured_media":5357,"template":"","meta":[],"product_cat":[107,15],"product_tag":[623,625,622,367,626,624],"royalty-types":[],"trackgenre":[166,396,415,414],"tracksoftware":[],"_links":{"self":[{"href":"https:\/\/sklep.hoid.pl\/index.php?rest_route=\/wp\/v2\/product\/5351"}],"collection":[{"href":"https:\/\/sklep.hoid.pl\/index.php?rest_route=\/wp\/v2\/product"}],"about":[{"href":"https:\/\/sklep.hoid.pl\/index.php?rest_route=\/wp\/v2\/types\/product"}],"wp:featuredmedia":[{"embeddable":true,"href":"https:\/\/sklep.hoid.pl\/index.php?rest_route=\/wp\/v2\/media\/5357"}],"wp:attachment":[{"href":"https:\/\/sklep.hoid.pl\/index.php?rest_route=%2Fwp%2Fv2%2Fmedia&parent=5351"}],"wp:term":[{"taxonomy":"product_cat","embeddable":true,"href":"https:\/\/sklep.hoid.pl\/index.php?rest_route=%2Fwp%2Fv2%2Fproduct_cat&post=5351"},{"taxonomy":"product_tag","embeddable":true,"href":"https:\/\/sklep.hoid.pl\/index.php?rest_route=%2Fwp%2Fv2%2Fproduct_tag&post=5351"},{"taxonomy":"royalty-types","embeddable":true,"href":"https:\/\/sklep.hoid.pl\/index.php?rest_route=%2Fwp%2Fv2%2Froyalty-types&post=5351"},{"taxonomy":"trackgenre","embeddable":true,"href":"https:\/\/sklep.hoid.pl\/index.php?rest_route=%2Fwp%2Fv2%2Ftrackgenre&post=5351"},{"taxonomy":"tracksoftware","embeddable":true,"href":"https:\/\/sklep.hoid.pl\/index.php?rest_route=%2Fwp%2Fv2%2Ftracksoftware&post=5351"}],"curies":[{"name":"wp","href":"https:\/\/api.w.org\/{rel}","templated":true}]}}