{"id":5433,"date":"2025-01-02T01:55:35","date_gmt":"2025-01-02T01:55:35","guid":{"rendered":"https:\/\/sklep.hoid.pl\/?post_type=product&#038;p=5433"},"modified":"2025-01-02T02:06:04","modified_gmt":"2025-01-02T02:06:04","slug":"nikolaj-notowicz-nieznane-zycie-jezusa-wersja-nieocenzurowana","status":"publish","type":"product","link":"https:\/\/sklep.hoid.pl\/?product=nikolaj-notowicz-nieznane-zycie-jezusa-wersja-nieocenzurowana","title":{"rendered":"Nikolaj Notowicz \u2013 Nieznane \u017bycie Jezusa [wersja nieocenzurowana]"},"content":{"rendered":"<p><em>Pewnego dnia, odwiedzaj\u0105c buddyjski klasztor po\u0142o\u017cony na mojej trasie, od g\u0142\u00f3wnego lamy dowiedzia\u0142em si\u0119, \u017ce w archiwach w Lhasie znajdowa\u0142y si\u0119 staro\u017cytne pami\u0119tniki odnosz\u0105ce si\u0119 do \u017cycia Jezusa Chrystusa i narod\u00f3w zachodnich, i \u017ce niekt\u00f3re wielkie klasztory posiada\u0142y stare kopie i t\u0142umaczenia tych kronik&#8230;<\/em><\/p>\n<p>Gdzie Jezus sp\u0119dzi\u0142 swoje m\u0142ode lata? Kogo naucza\u0142? Czy zapiski z buddyjskich klasztor\u00f3w pokrywaj\u0105 si\u0119 z histori\u0105 spisan\u0105 przez ewangelist\u00f3w? Co m\u0142ody Jezus robi\u0142 w Indiach?<\/p>\n<p>Ta ksi\u0105\u017cka zawiera odpowiedzi na powy\u017csze pytania &#8211; rodz\u0105c ca\u0142y szereg kolejnych&#8230;<\/p>\n","protected":false},"excerpt":{"rendered":"<p>Autor: Nikolaj Notowicz<\/p>\n<p>T\u0142umaczenie: HOID.PL<\/p>\n<p>Wydawca: Wydawnictwo Horyzont Idei<\/p>\n<p>Typ: audiobook i e-book<\/p>\n<p>Rok wydania: 2024<\/p>\n<p>ISBN: 978-83-65185-33-4<\/p>\n","protected":false},"featured_media":5435,"template":"","meta":[],"product_cat":[107,15],"product_tag":[577,579,93,576,581,582,584,585,578,580],"royalty-types":[],"trackgenre":[166,396,122,415,481],"tracksoftware":[],"_links":{"self":[{"href":"https:\/\/sklep.hoid.pl\/index.php?rest_route=\/wp\/v2\/product\/5433"}],"collection":[{"href":"https:\/\/sklep.hoid.pl\/index.php?rest_route=\/wp\/v2\/product"}],"about":[{"href":"https:\/\/sklep.hoid.pl\/index.php?rest_route=\/wp\/v2\/types\/product"}],"wp:featuredmedia":[{"embeddable":true,"href":"https:\/\/sklep.hoid.pl\/index.php?rest_route=\/wp\/v2\/media\/5435"}],"wp:attachment":[{"href":"https:\/\/sklep.hoid.pl\/index.php?rest_route=%2Fwp%2Fv2%2Fmedia&parent=5433"}],"wp:term":[{"taxonomy":"product_cat","embeddable":true,"href":"https:\/\/sklep.hoid.pl\/index.php?rest_route=%2Fwp%2Fv2%2Fproduct_cat&post=5433"},{"taxonomy":"product_tag","embeddable":true,"href":"https:\/\/sklep.hoid.pl\/index.php?rest_route=%2Fwp%2Fv2%2Fproduct_tag&post=5433"},{"taxonomy":"royalty-types","embeddable":true,"href":"https:\/\/sklep.hoid.pl\/index.php?rest_route=%2Fwp%2Fv2%2Froyalty-types&post=5433"},{"taxonomy":"trackgenre","embeddable":true,"href":"https:\/\/sklep.hoid.pl\/index.php?rest_route=%2Fwp%2Fv2%2Ftrackgenre&post=5433"},{"taxonomy":"tracksoftware","embeddable":true,"href":"https:\/\/sklep.hoid.pl\/index.php?rest_route=%2Fwp%2Fv2%2Ftracksoftware&post=5433"}],"curies":[{"name":"wp","href":"https:\/\/api.w.org\/{rel}","templated":true}]}}