{"id":5451,"date":"2025-01-02T02:22:39","date_gmt":"2025-01-02T02:22:39","guid":{"rendered":"https:\/\/sklep.hoid.pl\/?post_type=product&#038;p=5451"},"modified":"2025-11-14T06:58:20","modified_gmt":"2025-11-14T06:58:20","slug":"walter-russell-przeslanie-boskiej-iliady-2","status":"publish","type":"product","link":"https:\/\/sklep.hoid.pl\/?product=walter-russell-przeslanie-boskiej-iliady-2","title":{"rendered":"Walter Russell \u2013 Przes\u0142anie Boskiej Iliady, tom I"},"content":{"rendered":"<p>&nbsp;<\/p>\n<table class=\" cke_show_border\">\n<tbody>\n<tr>\n<td colspan=\"2\">&nbsp;<\/p>\n<blockquote><p><span id=\"speechify-first-word-listening-nudge-root-30\" style=\"position: absolute; z-index: 10000;\"><\/span><span id=\"speechify-first-word-listening-nudge-30\"><span id=\"speechify-first-word-listening-nudge-root-30\" style=\"position: absolute; z-index: 10000;\"><\/span><span id=\"speechify-first-word-listening-nudge-30\">Za dokonania naukowe,<\/span><\/span> w szczeg\u00f3lno\u015bci dotycz\u0105ce budowy materii i izotop\u00f3w wodoru, Walter Russell otrzyma\u0142 tytu\u0142 doktora Ameryka\u0144skiej Akademii Nauk.<\/p><\/blockquote>\n<p><span id=\"speechify-first-word-listening-nudge-root-31\" style=\"position: absolute; z-index: 10000;\"><\/span><span id=\"speechify-first-word-listening-nudge-31\"><span id=\"speechify-first-word-listening-nudge-root-31\" style=\"position: absolute; z-index: 10000;\"><\/span><span id=\"speechify-first-word-listening-nudge-31\">Przes\u0142anie Boskiej Iliady<\/span><\/span> zajmuje we wszech\u015bwiecie Waltera Russella specjalne, najwa\u017cniejsze miejsce. To pozycja rzutuj\u0105ca na ca\u0142\u0105 jego p\u00f3\u017aniejsz\u0105 tw\u00f3rczo\u015b\u0107, kt\u00f3ra nast\u0119pnie b\u0119dzie przez niego wielokrotnie przywo\u0142ywana w innych publikacjach. Wydana w 1950 roku zawiera tre\u015b\u0107 i interpretacj\u0119 objawie\u0144, kt\u00f3rych Autor do\u015bwiadcza\u0142 regularnie od najwcze\u015bniejszych lat, w szczeg\u00f3lno\u015bci za\u015b tre\u015b\u0107 najd\u0142u\u017cszego z nich, maj\u0105cego miejsce w maju 1921 roku. To niezwyk\u0142e uniesienie trwa\u0142o nieprzerwanie przez 39 dni i wp\u0142yn\u0119\u0142o na ca\u0142e p\u00f3\u017aniejsze \u017cycie tego niezwyk\u0142ego artysty. W jego wyniku zazna\u0142, jak sam twierdzi\u0142, pe\u0142ni \u201eKosmicznej \u015awiadomo\u015bci\u201d, stanu nad\u015bwiadomo\u015bci i wszechwiedzy znakomicie opisanego przez Richarda Maurice\u2019a Bucke\u2019a (1903), w kt\u00f3rym zg\u0142\u0119bi\u0142 tajemnice odwiecznego uniwersalnego prawa natury, budowy wszech\u015bwiata, roli cz\u0142owieka we wszech\u015bwiecie, zagadnie\u0144 fizycznych, astronomicznych i metafizycznych, kt\u00f3rych spisaniu wedle kryteri\u00f3w i aparatu poj\u0119ciowego wsp\u00f3\u0142czesnej nauki po\u015bwi\u0119ci\u0142 wi\u0119kszo\u015b\u0107 p\u00f3\u017aniejszego \u017cycia tw\u00f3rczego i naukowego. Jego wizja na \u0142amach New York Times\u2019a zosta\u0142a okre\u015blona mianem Dwukierunkowego Wszech\u015bwiata Waltera Russella i sta\u0142a si\u0119 \u017ar\u00f3d\u0142em polemiki i dyskusji z powszechnymi przekonaniami i naukowymi paradygmatami, gdy\u017c opisywane przez Russella w\u0142a\u015bciwo\u015bci materii okazywa\u0142y si\u0119 inne ni\u017c te na kt\u00f3re wskazywa\u0142a akademicka nauka i chocia\u017cby Tablica Mendelejewa. Jest to druga ksi\u0105\u017cka spo\u015br\u00f3d bogatego i r\u00f3\u017cnorodnego dorobku Waltera Russella, kt\u00f3r\u0105 mamy zaszczyt przedstawi\u0107 polskim Czytelnikom jako pierwsi w Polsce.<\/p>\n<p><span id=\"speechify-first-word-listening-nudge-root-32\" style=\"position: absolute; z-index: 10000;\"><\/span><span id=\"speechify-first-word-listening-nudge-32\"><span id=\"speechify-first-word-listening-nudge-root-32\" style=\"position: absolute; z-index: 10000;\"><\/span><span id=\"speechify-first-word-listening-nudge-32\">Dorobek Waltera Russella<\/span><\/span> by\u0142 w Stanach Zjednoczonych przedmiotem zr\u00f3\u017cnicowanego odbioru. Za dokonania naukowe, w szczeg\u00f3lno\u015bci dotycz\u0105ce budowy materii i izotop\u00f3w wodoru, otrzyma\u0142 on tytu\u0142 doktora Ameryka\u0144skiej Akademii Nauk. Jego koncepcje filozoficzne i humanistyczne \u0142\u0105cz\u0105 si\u0119 z wiedz\u0105, kt\u00f3r\u0105 przedstawia\u0142 w wysoce kunsztownej formie, za pomoc\u0105 pi\u0119knych diagram\u00f3w oraz bardzo precyzyjnych poj\u0119\u0107, balansuj\u0105c na granicy pi\u0119knego, poetyckiego j\u0119zyka oraz \u015bcis\u0142ych poj\u0119\u0107 naukowej terminologii.<\/p>\n<p>Niniejsza pozycja jest ju\u017c dojrza\u0142ym owocem ekspresji artystycznej i filozoficznej Autora, kt\u00f3ra stanowi fundament za\u0142o\u017conego przez niego wraz z ma\u0142\u017conk\u0105 Lao Russell, University of Science and Philosophy, miejsca nauki, spotka\u0144 i wzajemnej inspiracji, b\u0119d\u0105cego w swoim czasie otwartym mi\u0119dzynarodowym centrum kulturalnym i artystycznym, miejscem wyk\u0142ad\u00f3w, spotka\u0144 i przestrzeni\u0105 tw\u00f3rcz\u0105, pe\u0142ni\u0105c\u0105 r\u00f3wnie\u017c funkcje ekspozycyjne dla dorobku Waltera Russella.<\/p>\n<p>Bogactwo spu\u015bcizny postaci tak wszechstronnej, przedsi\u0119biorczej i tw\u00f3rczej a jednocze\u015bnie silnie podkre\u015blaj\u0105cej potrzeb\u0119 moralnej przemiany Stan\u00f3w Zjednoczonych i \u015bwiata, jest tak ogromne, \u017ce wydaje si\u0119 niezrozumia\u0142ym dlaczego a\u017c dot\u0105d zupe\u0142nie umkn\u0119\u0142o polskim wydawcom i polskim historykom nauki i sztuki. Nic to dziwnego je\u015bli tylko zdamy sobie spraw\u0119 z tego, \u017ce pierwsza rzetelna biografia Russella powsta\u0142a dopiero po ponad pi\u0119\u0107dziesi\u0119ciu latach od jego \u015bmierci. Z tym wi\u0119ksz\u0105 rado\u015bci\u0105 przedstawiamy Pa\u0144stwu kolejn\u0105 w dorobku Waltera Russella pozycj\u0119, kt\u00f3ra mimo up\u0142ywu czasu wci\u0105\u017c intryguje, niezmiennie stawiaj\u0105c Czytelnika w owym przyjemnym intelektualnym zak\u0142opotaniu, kt\u00f3re by\u0107 mo\u017ce pozwoli mu na spojrzenie na kwestie najwa\u017cniejsze z zupe\u0142nie innej, nowej, a by\u0107 mo\u017ce nawet i lepszej perspektywy.<\/p>\n<p>&nbsp;<\/td>\n<\/tr>\n<\/tbody>\n<\/table>\n","protected":false},"excerpt":{"rendered":"<p>Autorzy: Walter Russell<\/p>\n<p>T\u0142umaczenie: Dawid Mo\u0144ka, Damian Tarkowski<\/p>\n<p>Wydawca: Wydawnictwo Horyzont Idei<\/p>\n<p>Typ: audiobook i e-book<\/p>\n<p><span id=\"speechify-first-word-listening-nudge-root-84\" style=\"position: absolute; z-index: 10000;\"><\/span><span id=\"speechify-first-word-listening-nudge-84\">Rok wydania: 2023<\/span><\/p>\n<p><span id=\"speechify-first-word-listening-nudge-root-85\" style=\"position: absolute; z-index: 10000;\"><\/span><span id=\"speechify-first-word-listening-nudge-85\"><span id=\"speechify-first-word-listening-nudge-root-84\" style=\"position: absolute; z-index: 10000;\"><\/span><span id=\"speechify-first-word-listening-nudge-84\">ISBN: 978-83-65185-<\/span><\/span><span class=\"bold\">04<\/span>-4<\/p>\n","protected":false},"featured_media":5483,"template":"","meta":[],"product_cat":[107,15],"product_tag":[547,551,548,553,538,552,556,533,430,896,123,549,554,555],"royalty-types":[],"trackgenre":[166,404,122,395,481],"tracksoftware":[],"_links":{"self":[{"href":"https:\/\/sklep.hoid.pl\/index.php?rest_route=\/wp\/v2\/product\/5451"}],"collection":[{"href":"https:\/\/sklep.hoid.pl\/index.php?rest_route=\/wp\/v2\/product"}],"about":[{"href":"https:\/\/sklep.hoid.pl\/index.php?rest_route=\/wp\/v2\/types\/product"}],"wp:featuredmedia":[{"embeddable":true,"href":"https:\/\/sklep.hoid.pl\/index.php?rest_route=\/wp\/v2\/media\/5483"}],"wp:attachment":[{"href":"https:\/\/sklep.hoid.pl\/index.php?rest_route=%2Fwp%2Fv2%2Fmedia&parent=5451"}],"wp:term":[{"taxonomy":"product_cat","embeddable":true,"href":"https:\/\/sklep.hoid.pl\/index.php?rest_route=%2Fwp%2Fv2%2Fproduct_cat&post=5451"},{"taxonomy":"product_tag","embeddable":true,"href":"https:\/\/sklep.hoid.pl\/index.php?rest_route=%2Fwp%2Fv2%2Fproduct_tag&post=5451"},{"taxonomy":"royalty-types","embeddable":true,"href":"https:\/\/sklep.hoid.pl\/index.php?rest_route=%2Fwp%2Fv2%2Froyalty-types&post=5451"},{"taxonomy":"trackgenre","embeddable":true,"href":"https:\/\/sklep.hoid.pl\/index.php?rest_route=%2Fwp%2Fv2%2Ftrackgenre&post=5451"},{"taxonomy":"tracksoftware","embeddable":true,"href":"https:\/\/sklep.hoid.pl\/index.php?rest_route=%2Fwp%2Fv2%2Ftracksoftware&post=5451"}],"curies":[{"name":"wp","href":"https:\/\/api.w.org\/{rel}","templated":true}]}}