{"id":5517,"date":"2025-01-03T13:09:02","date_gmt":"2025-01-03T13:09:02","guid":{"rendered":"https:\/\/sklep.hoid.pl\/?post_type=product&#038;p=5517"},"modified":"2025-01-06T09:54:18","modified_gmt":"2025-01-06T09:54:18","slug":"nikola-tesla-o-kobietach","status":"publish","type":"product","link":"https:\/\/sklep.hoid.pl\/?product=nikola-tesla-o-kobietach","title":{"rendered":"Nikola Tesla \u2013 O kobietach"},"content":{"rendered":"<p>Jak serbsko-ameryka\u0144ski geniusz elektryczno\u015bci postrzega\u0142 Kobiety? Co s\u0105dzi\u0142 o walce p\u0142ci i d\u0105\u017ceniu kobiet do emancypacji? Dlaczego nigdy si\u0119 nie o\u017ceni\u0142? Odpowiedzi na te i wiele innych pyta\u0144 znajdziemy w tej publikacji! W jej sk\u0142ad wchodz\u0105 dwa obszerne wywiady w kt\u00f3rych Tesla skupi\u0142 si\u0119 na problemach spo\u0142ecznych i kulturowych a tak\u017ce na osobistej wizji przysz\u0142o\u015bci oraz idealnego spo\u0142ecze\u0144stwa.<\/p>\n<p>&nbsp;<\/p>\n","protected":false},"excerpt":{"rendered":"<p>Autorzy: Nikola Tesla<\/p>\n<p>T\u0142umaczenie: Wydawnictwo Horyzont Idei<\/p>\n<p>Patronat: Polskie Wydawnictwa Niezale\u017cne<\/p>\n<p>Typ: audiobook i e-book<\/p>\n<p>Rok wydania: 2022<\/p>\n<p>ISBN: 978-83-65185-<span class=\"bold\">30<\/span>-3<\/p>\n<p>Obj\u0119to\u015b\u0107: 37 stron<\/p>\n<p>&nbsp;<\/p>\n","protected":false},"featured_media":5567,"template":"","meta":[],"product_cat":[15],"product_tag":[304,308,307,305,310,311,306,309],"royalty-types":[],"trackgenre":[166,404,122,481],"tracksoftware":[],"_links":{"self":[{"href":"https:\/\/sklep.hoid.pl\/index.php?rest_route=\/wp\/v2\/product\/5517"}],"collection":[{"href":"https:\/\/sklep.hoid.pl\/index.php?rest_route=\/wp\/v2\/product"}],"about":[{"href":"https:\/\/sklep.hoid.pl\/index.php?rest_route=\/wp\/v2\/types\/product"}],"wp:featuredmedia":[{"embeddable":true,"href":"https:\/\/sklep.hoid.pl\/index.php?rest_route=\/wp\/v2\/media\/5567"}],"wp:attachment":[{"href":"https:\/\/sklep.hoid.pl\/index.php?rest_route=%2Fwp%2Fv2%2Fmedia&parent=5517"}],"wp:term":[{"taxonomy":"product_cat","embeddable":true,"href":"https:\/\/sklep.hoid.pl\/index.php?rest_route=%2Fwp%2Fv2%2Fproduct_cat&post=5517"},{"taxonomy":"product_tag","embeddable":true,"href":"https:\/\/sklep.hoid.pl\/index.php?rest_route=%2Fwp%2Fv2%2Fproduct_tag&post=5517"},{"taxonomy":"royalty-types","embeddable":true,"href":"https:\/\/sklep.hoid.pl\/index.php?rest_route=%2Fwp%2Fv2%2Froyalty-types&post=5517"},{"taxonomy":"trackgenre","embeddable":true,"href":"https:\/\/sklep.hoid.pl\/index.php?rest_route=%2Fwp%2Fv2%2Ftrackgenre&post=5517"},{"taxonomy":"tracksoftware","embeddable":true,"href":"https:\/\/sklep.hoid.pl\/index.php?rest_route=%2Fwp%2Fv2%2Ftracksoftware&post=5517"}],"curies":[{"name":"wp","href":"https:\/\/api.w.org\/{rel}","templated":true}]}}