{"id":6178,"date":"2025-07-04T08:12:26","date_gmt":"2025-07-04T08:12:26","guid":{"rendered":"https:\/\/sklep.hoid.pl\/?post_type=product&#038;p=6178"},"modified":"2025-07-04T08:59:35","modified_gmt":"2025-07-04T08:59:35","slug":"szkola-grafologii-praktyczna-przystepna-metoda-samodzielnej-nauki-sztuki-rozpoznawania-charakteru-czlowieka-z-jego-pisma-recznego","status":"publish","type":"product","link":"https:\/\/sklep.hoid.pl\/?product=szkola-grafologii-praktyczna-przystepna-metoda-samodzielnej-nauki-sztuki-rozpoznawania-charakteru-czlowieka-z-jego-pisma-recznego","title":{"rendered":"Szko\u0142a Grafologii. Praktyczna, przyst\u0119pna metoda samodzielnej nauki sztuki rozpoznawania charakteru cz\u0142owieka z jego pisma r\u0119cznego"},"content":{"rendered":"<div data-slate-node=\"element\">\n<p>Grafologia to fascynuj\u0105ca sztuka, kt\u00f3ra umo\u017cliwia spojrzenie w g\u0142\u0105b ludzkiej duszy poprzez analiz\u0119 jego pisma. To nie tylko nauka, ale i podr\u00f3\u017c w \u015bwiat ukrytych emocji, osobowo\u015bci oraz charakter\u00f3w. Dzi\u0119ki umiej\u0119tno\u015bci interpretowania ka\u017cdego ruchu pi\u00f3ra, zyskujemy wyj\u0105tkowy wgl\u0105d w to, kim naprawd\u0119 jest cz\u0142owiek. Podobnie jak mowa cia\u0142a, pismo niesie ze sob\u0105 unikalne informacje o naszym wn\u0119trzu, naszych pragnieniach, obawach i nastrojach.<\/p>\n<p>Ju\u017c wielcy filozofowie i my\u015bliciele zauwa\u017cyli, \u017ce ka\u017cdy ludzki gest, ka\u017cde dzia\u0142anie odzwierciedla nasz\u0105 wewn\u0119trzn\u0105 istot\u0119. Johann Wolfgang von Goethe stwierdzi\u0142, \u017ce \u201eka\u017cdy czyn cz\u0142owieka jest wyrazem jego istoty\u201d. W grafologii idziemy o krok dalej \u2013 twierdzi si\u0119, \u017ce nasze pismo nie tylko jest odzwierciedleniem naszych codziennych dzia\u0142a\u0144, ale tak\u017ce bezpo\u015bredni\u0105 drog\u0105 do odkrycia naszej prawdziwej natury.<\/p>\n<p>Cz\u0142owiek od zarania dziej\u00f3w fascynowa\u0142 badaczy, filozof\u00f3w i naukowc\u00f3w swoim niezg\u0142\u0119bionym wn\u0119trzem, tajemnic\u0105 jego istoty, zachowa\u0144 i relacji ze \u015bwiatem. Antropologia, jako nauka badaj\u0105ca cz\u0142owieka w jego pe\u0142ni \u2013 zar\u00f3wno cia\u0142a, jak i ducha \u2013 odgrywa tu kluczow\u0105 rol\u0119. Od staro\u017cytnych kultur po wsp\u00f3\u0142czesne spo\u0142ecze\u0144stwa, pr\u00f3ba zrozumienia cz\u0142owieka zawsze prowadzi\u0142a do pyta\u0144 o to, co go definiuje i wyr\u00f3\u017cnia. Jak zauwa\u017cy\u0142 Claude L\u00e9vi\u2013Strauss, \u201ecz\u0142owiek to przede wszystkim zwierz\u0119 symboliczne\u201d. Ka\u017cdy jego gest, ka\u017cda ekspresja kultury, ka\u017cdy spos\u00f3b wyra\u017cania siebie \u2013 w tym tak\u017ce pismo \u2013 stanowi\u0105 klucz do odkrycia jego prawdziwej natury.<\/p>\n<p>Grafologia, jako narz\u0119dzie antropologiczne, pozwala nam odczyta\u0107 te subtelne \u015blady ludzkiej egzystencji. Nie chodzi tu tylko o analiz\u0119 pisma jako czysto technicznego aktu, ale o odkrycie, jak pismo, podobnie jak inne formy symbolicznego wyrazu, jest odbiciem naszej \u015bwiadomo\u015bci, kultury,<\/p>\n<p>emocji i psychiki. Ka\u017cdy r\u0119kopis staje si\u0119 wi\u0119c nie tylko osobistym wyrazem, ale tak\u017ce artefaktem kulturowym, dokumentuj\u0105cym indywidualn\u0105 i zbiorow\u0105 histori\u0119 ludzko\u015bci.<\/p>\n<p>Tajemnica cz\u0142owieka, badana przez wieki w antropologii i innych naukach humanistycznych, ujawnia si\u0119 w wielu aspektach jego \u017cycia \u2013 w gestach, mowie, dzia\u0142aniach, a tak\u017ce w \u015bladach, kt\u00f3re pozostawia na kartce papieru. Pismo staje si\u0119 jak odcisk palca, niezaprzeczalnym dowodem naszej obecno\u015bci i unikalno\u015bci, a jego analiza pozwala dotkn\u0105\u0107 tej tajemnicy, zag\u0142\u0119biaj\u0105c si\u0119 w zawi\u0142o\u015bci ludzkiej natury.<\/p>\n<p>Wilhelm von Humboldt m\u00f3wi\u0142 o j\u0119zyku jako \u201enarz\u0119dziu zewn\u0119trznym my\u015bli\u201d, a Leibniz zauwa\u017ca\u0142, \u017ce \u201echarakter narodowy jest jak r\u0119kopis: ka\u017cdy ma sw\u00f3j w\u0142asny styl, kt\u00f3ry odzwierciedla jego charakter\u201d. Ka\u017cdy z nas, cho\u0107 mo\u017ce nie\u015bwiadomie, podczas pisania ods\u0142ania swoje prawdziwe ja \u2013 pismo staje si\u0119 swoistym portretem duszy, niepowtarzalnym jak odcisk palca.<\/p>\n<p>Sztuka interpretacji pisma, kt\u00f3r\u0105 doskonalimy w grafologii, pozwala na odkrywanie tych subtelnych wskaz\u00f3wek \u2013 od lekkiego pochylenia liter, po spos\u00f3b \u0142\u0105czenia poszczeg\u00f3lnych znak\u00f3w. Jak mawia\u0142 Walter Scott, \u201ehistoria ludzko\u015bci jest zapisana w ka\u017cdym jej czynie\u201d \u2013 a grafologowie pokazuj\u0105, jak t\u0119 histori\u0119 czyta\u0107.<\/p>\n<p>Zapraszamy Was w podr\u00f3\u017c, podczas kt\u00f3rej odkryjemy, jak dzi\u0119ki badaniu znak\u00f3w pozostawionych przez u\u017cycie prostych narz\u0119dzi, takich jak kartka i d\u0142ugopis, mo\u017cemy pozna\u0107 skrywane sekrety ludzkiego umys\u0142u i serca. W tym kursie, opieraj\u0105c si\u0119 na g\u0142\u0119bokich tradycjach filozoficznych i nowoczesnych technikach analitycznych, nauczymy si\u0119 odczytywa\u0107 to, co pozostaje niewidoczne dla oka \u2013 charakter, nastr\u00f3j i emocje zapisane w liniach, krzywiznach i rytmach pisma.<\/p>\n<p>Tomasz Pawe\u0142 Szewczyk, ceniony badacz i grafolog, przeprowadzi Was przez te tajemnice, dziel\u0105c si\u0119 wiedz\u0105 i pasj\u0105, kt\u00f3re zdobywa\u0142 przez lata, odkrywaj\u0105c bogactwo ludzkiego charakteru skrytego w prostych znakach.<\/p>\n<p>\u017byczymy fascynuj\u0105cej podr\u00f3\u017cy poprzez tajemnice grafologii<\/p>\n<\/div>\n","protected":false},"excerpt":{"rendered":"<p><span id=\"speechify-first-word-listening-nudge-root-63\" style=\"position: absolute; z-index: 10000;\"><\/span><span id=\"speechify-first-word-listening-nudge-63\"><span id=\"speechify-first-word-listening-nudge-root-64\" style=\"position: absolute; z-index: 10000;\"><\/span><span id=\"speechify-first-word-listening-nudge-64\"><span id=\"speechify-first-word-listening-nudge-root-76\" style=\"position: absolute; z-index: 10000;\"><\/span><span id=\"speechify-first-word-listening-nudge-76\"><span id=\"speechify-first-word-listening-nudge-root-72\" style=\"position: absolute; z-index: 10000;\"><\/span><span id=\"speechify-first-word-listening-nudge-72\"><span id=\"speechify-first-word-listening-nudge-root-72\" style=\"position: absolute; z-index: 10000;\"><\/span><span id=\"speechify-first-word-listening-nudge-72\"><span id=\"speechify-first-word-listening-nudge-root-71\" style=\"position: absolute; z-index: 10000;\"><\/span><span id=\"speechify-first-word-listening-nudge-71\"><span id=\"speechify-first-word-listening-nudge-root-70\" style=\"position: absolute; z-index: 10000;\"><\/span><span id=\"speechify-first-word-listening-nudge-70\"><span id=\"speechify-first-word-listening-nudge-root-73\" style=\"position: absolute; z-index: 10000;\"><\/span><span id=\"speechify-first-word-listening-nudge-73\">Autorzy: Tomasz Pawe\u0142<\/span><\/span><\/span><\/span><\/span><\/span><\/span><\/span> Szewczyk<\/p>\n<p><span id=\"speechify-first-word-listening-nudge-root-63\" style=\"position: absolute; z-index: 10000;\"><\/span><span id=\"speechify-first-word-listening-nudge-63\"><span id=\"speechify-first-word-listening-nudge-root-64\" style=\"position: absolute; z-index: 10000;\"><\/span><span id=\"speechify-first-word-listening-nudge-64\"><span id=\"speechify-first-word-listening-nudge-root-77\" style=\"position: absolute; z-index: 10000;\"><\/span><span id=\"speechify-first-word-listening-nudge-77\"><span id=\"speechify-first-word-listening-nudge-root-73\" style=\"position: absolute; z-index: 10000;\"><\/span><span id=\"speechify-first-word-listening-nudge-73\"><span id=\"speechify-first-word-listening-nudge-root-73\" style=\"position: absolute; z-index: 10000;\"><\/span><span id=\"speechify-first-word-listening-nudge-73\"><span id=\"speechify-first-word-listening-nudge-root-72\" style=\"position: absolute; z-index: 10000;\"><\/span><span id=\"speechify-first-word-listening-nudge-72\"><span id=\"speechify-first-word-listening-nudge-root-71\" style=\"position: absolute; z-index: 10000;\"><\/span><span id=\"speechify-first-word-listening-nudge-71\"><span id=\"speechify-first-word-listening-nudge-root-74\" style=\"position: absolute; z-index: 10000;\"><\/span><span id=\"speechify-first-word-listening-nudge-74\">Wydawca: Wydawnictwo Horyzont<\/span><\/span><\/span><\/span><\/span><\/span><\/span><\/span> Idei<\/p>\n<p><span id=\"speechify-first-word-listening-nudge-root-63\" style=\"position: absolute; z-index: 10000;\"><\/span><span id=\"speechify-first-word-listening-nudge-63\"><span id=\"speechify-first-word-listening-nudge-root-64\" style=\"position: absolute; z-index: 10000;\"><\/span><span id=\"speechify-first-word-listening-nudge-64\"><span id=\"speechify-first-word-listening-nudge-root-74\" style=\"position: absolute; z-index: 10000;\"><\/span><span id=\"speechify-first-word-listening-nudge-74\"><span id=\"speechify-first-word-listening-nudge-root-74\" style=\"position: absolute; z-index: 10000;\"><\/span><span id=\"speechify-first-word-listening-nudge-74\"><span id=\"speechify-first-word-listening-nudge-root-73\" style=\"position: absolute; z-index: 10000;\"><\/span><span id=\"speechify-first-word-listening-nudge-73\"><span id=\"speechify-first-word-listening-nudge-root-72\" style=\"position: absolute; z-index: 10000;\"><\/span><span id=\"speechify-first-word-listening-nudge-72\"><span id=\"speechify-first-word-listening-nudge-root-73\" style=\"position: absolute; z-index: 10000;\"><\/span><span id=\"speechify-first-word-listening-nudge-73\">Seria wydawnicza: Tajemnice grafologii<\/span><\/span><\/span><\/span><\/span><\/span><\/span><\/p>\n<p><span id=\"speechify-first-word-listening-nudge-root-63\" style=\"position: absolute; z-index: 10000;\"><\/span><span id=\"speechify-first-word-listening-nudge-63\"><span id=\"speechify-first-word-listening-nudge-root-63\" style=\"position: absolute; z-index: 10000;\"><\/span><span id=\"speechify-first-word-listening-nudge-63\"><span id=\"speechify-first-word-listening-nudge-root-64\" style=\"position: absolute; z-index: 10000;\"><\/span><span id=\"speechify-first-word-listening-nudge-64\"><span id=\"speechify-first-word-listening-nudge-root-75\" style=\"position: absolute; z-index: 10000;\"><\/span><span id=\"speechify-first-word-listening-nudge-75\"><span id=\"speechify-first-word-listening-nudge-root-75\" style=\"position: absolute; z-index: 10000;\"><\/span><span id=\"speechify-first-word-listening-nudge-75\"><span id=\"speechify-first-word-listening-nudge-root-74\" style=\"position: absolute; z-index: 10000;\"><\/span><span id=\"speechify-first-word-listening-nudge-74\"><span id=\"speechify-first-word-listening-nudge-root-73\" style=\"position: absolute; z-index: 10000;\"><\/span><span id=\"speechify-first-word-listening-nudge-73\"><span id=\"speechify-first-word-listening-nudge-root-74\" style=\"position: absolute; z-index: 10000;\"><\/span><span id=\"speechify-first-word-listening-nudge-74\">Typ: Audiobook<\/span><\/span><\/span><\/span><\/span><\/span><\/span><\/span><\/p>\n<p><span id=\"speechify-first-word-listening-nudge-root-76\" style=\"position: absolute; z-index: 10000;\"><\/span><span id=\"speechify-first-word-listening-nudge-76\"><span id=\"speechify-first-word-listening-nudge-root-76\" style=\"position: absolute; z-index: 10000;\"><\/span><span id=\"speechify-first-word-listening-nudge-76\"><span id=\"speechify-first-word-listening-nudge-root-75\" style=\"position: absolute; z-index: 10000;\"><\/span><span id=\"speechify-first-word-listening-nudge-75\"><span id=\"speechify-first-word-listening-nudge-root-74\" style=\"position: absolute; z-index: 10000;\"><\/span><span id=\"speechify-first-word-listening-nudge-74\">Patronat: Polskie Wydawnictwa<\/span><\/span><\/span><\/span> Niezale\u017cne<\/p>\n<p><span id=\"speechify-first-word-listening-nudge-root-64\" style=\"position: absolute; z-index: 10000;\"><\/span><span id=\"speechify-first-word-listening-nudge-64\"><span id=\"speechify-first-word-listening-nudge-root-63\" style=\"position: absolute; z-index: 10000;\"><\/span><span id=\"speechify-first-word-listening-nudge-63\"><span id=\"speechify-first-word-listening-nudge-root-63\" style=\"position: absolute; z-index: 10000;\"><\/span><span id=\"speechify-first-word-listening-nudge-63\"><span id=\"speechify-first-word-listening-nudge-root-64\" style=\"position: absolute; z-index: 10000;\"><\/span><span id=\"speechify-first-word-listening-nudge-64\"><span id=\"speechify-first-word-listening-nudge-root-77\" style=\"position: absolute; z-index: 10000;\"><\/span><span id=\"speechify-first-word-listening-nudge-77\"><span id=\"speechify-first-word-listening-nudge-root-77\" style=\"position: absolute; z-index: 10000;\"><\/span><span id=\"speechify-first-word-listening-nudge-77\"><span id=\"speechify-first-word-listening-nudge-root-76\" style=\"position: absolute; z-index: 10000;\"><\/span><span id=\"speechify-first-word-listening-nudge-76\"><span id=\"speechify-first-word-listening-nudge-root-75\" style=\"position: absolute; z-index: 10000;\"><\/span><span id=\"speechify-first-word-listening-nudge-75\">Rok wydania: 2024<\/span><\/span><\/span><\/span><\/span><\/span><\/span><\/span><\/p>\n<p><span id=\"speechify-first-word-listening-nudge-root-64\" style=\"position: absolute; z-index: 10000;\"><\/span><span id=\"speechify-first-word-listening-nudge-64\"><span id=\"speechify-first-word-listening-nudge-root-63\" style=\"position: absolute; z-index: 10000;\"><\/span><span id=\"speechify-first-word-listening-nudge-63\"><span id=\"speechify-first-word-listening-nudge-root-64\" style=\"position: absolute; z-index: 10000;\"><\/span><span id=\"speechify-first-word-listening-nudge-64\"><span id=\"speechify-first-word-listening-nudge-root-82\" style=\"position: absolute; z-index: 10000;\"><\/span><span id=\"speechify-first-word-listening-nudge-82\"><span id=\"speechify-first-word-listening-nudge-root-78\" style=\"position: absolute; z-index: 10000;\"><\/span><span id=\"speechify-first-word-listening-nudge-78\"><span id=\"speechify-first-word-listening-nudge-root-78\" style=\"position: absolute; z-index: 10000;\"><\/span><span id=\"speechify-first-word-listening-nudge-78\"><span id=\"speechify-first-word-listening-nudge-root-77\" style=\"position: absolute; z-index: 10000;\"><\/span><span id=\"speechify-first-word-listening-nudge-77\"><span id=\"speechify-first-word-listening-nudge-root-76\" style=\"position: absolute; z-index: 10000;\"><\/span><span id=\"speechify-first-word-listening-nudge-76\"><span id=\"speechify-first-word-listening-nudge-root-79\" style=\"position: absolute; z-index: 10000;\"><\/span><span id=\"speechify-first-word-listening-nudge-79\">ISBN: 978-83-68145-46-5<\/span><\/span><\/span><\/span><\/span><\/span><\/span><\/span><\/span><\/p>\n","protected":false},"featured_media":6190,"template":"","meta":[],"product_cat":[107],"product_tag":[776,371,791,697,772,372],"royalty-types":[],"trackgenre":[166,122],"tracksoftware":[],"_links":{"self":[{"href":"https:\/\/sklep.hoid.pl\/index.php?rest_route=\/wp\/v2\/product\/6178"}],"collection":[{"href":"https:\/\/sklep.hoid.pl\/index.php?rest_route=\/wp\/v2\/product"}],"about":[{"href":"https:\/\/sklep.hoid.pl\/index.php?rest_route=\/wp\/v2\/types\/product"}],"wp:featuredmedia":[{"embeddable":true,"href":"https:\/\/sklep.hoid.pl\/index.php?rest_route=\/wp\/v2\/media\/6190"}],"wp:attachment":[{"href":"https:\/\/sklep.hoid.pl\/index.php?rest_route=%2Fwp%2Fv2%2Fmedia&parent=6178"}],"wp:term":[{"taxonomy":"product_cat","embeddable":true,"href":"https:\/\/sklep.hoid.pl\/index.php?rest_route=%2Fwp%2Fv2%2Fproduct_cat&post=6178"},{"taxonomy":"product_tag","embeddable":true,"href":"https:\/\/sklep.hoid.pl\/index.php?rest_route=%2Fwp%2Fv2%2Fproduct_tag&post=6178"},{"taxonomy":"royalty-types","embeddable":true,"href":"https:\/\/sklep.hoid.pl\/index.php?rest_route=%2Fwp%2Fv2%2Froyalty-types&post=6178"},{"taxonomy":"trackgenre","embeddable":true,"href":"https:\/\/sklep.hoid.pl\/index.php?rest_route=%2Fwp%2Fv2%2Ftrackgenre&post=6178"},{"taxonomy":"tracksoftware","embeddable":true,"href":"https:\/\/sklep.hoid.pl\/index.php?rest_route=%2Fwp%2Fv2%2Ftracksoftware&post=6178"}],"curies":[{"name":"wp","href":"https:\/\/api.w.org\/{rel}","templated":true}]}}