{"id":6440,"date":"2025-11-11T12:23:45","date_gmt":"2025-11-11T12:23:45","guid":{"rendered":"https:\/\/sklep.hoid.pl\/?post_type=product&#038;p=6440"},"modified":"2025-11-13T10:32:14","modified_gmt":"2025-11-13T10:32:14","slug":"kulturva-pieklo-ojcow","status":"publish","type":"product","link":"https:\/\/sklep.hoid.pl\/?product=kulturva-pieklo-ojcow","title":{"rendered":"Kulturva \u2013 Piek\u0142o Ojc\u00f3w"},"content":{"rendered":"<p>To nie jest zwyk\u0142y album. To jest <b>oratorium<\/b>. Zapis tragedii, kt\u00f3ra dzieje si\u0119 za zamkni\u0119tymi drzwiami i na salach s\u0105dowych \u2013 plagi alienacji, oczerniania i systemowego wymazywania ojc\u00f3w.<\/p>\n<p>\u201ePiek\u0142o Ojc\u00f3w\u201d to pr\u00f3ba nazwania i opisania piek\u0142a, kt\u00f3re nie ma ognia. Jego kr\u0119gi to puste korytarze i morze pism procesowych. To piek\u0142o biurokracji, w kt\u00f3rym m\u0119\u017cczyzna staje si\u0119 cieniem, a dziecko gubi si\u0119 w g\u0105szczu paragraf\u00f3w pisanych i bezlitosnych adwokat\u00f3w \u017ceruj\u0105cych na rodzinnej tragedii.<\/p>\n<p>W\u0142a\u015bnie dlatego ten projekt przybra\u0142 form\u0119 <b>oratorium<\/b>.<\/p>\n<p>Potrzebowali\u015bmy formy innej ni\u017c piosenka.\u00a0Ten album czerpie gar\u015bciami z <b>inspiracji biblijnych i mitologicznych<\/b>, by nada\u0107 sens absurdaLnej walce:<\/p>\n<ul>\n<li>Us\u0142yszysz tu lament wsp\u00f3\u0142czesnego <b>Hioba<\/b>, kt\u00f3remu system odbiera wszystko, by testowa\u0107 jego granice.<\/li>\n<li>Poczujesz trud <b>Syzyfa<\/b>, kt\u00f3ry co miesi\u0105c pcha pod g\u00f3r\u0119 ten sam wniosek o widzenie.<\/li>\n<li>Zrozumiesz b\u00f3l <b>Prometeusza<\/b>, kt\u00f3remu w\u0105trob\u0119 wyjada nie orze\u0142, lecz pismo od komornika.<\/li>\n<\/ul>\n<p>To nie jest muzyka, kt\u00f3ra ma tylko opisywa\u0107 cierpienie. To jest muzyka, kt\u00f3ra ma <b>podtrzyma\u0107 na duchu<\/b>. To tarcza. To g\u0142os, kt\u00f3ry w najgorszym momencie, w pustym mieszkaniu, przypomina ci, \u017ce twoja walka ma sens, a twoja mi\u0142o\u015b\u0107 jest faktem.<\/p>\n<p>G\u0142\u00f3wnym przes\u0142aniem tego oratorium jest jedno, pot\u0119\u017cne s\u0142owo: <b>\u201ePrzetrwaj\u201d.<\/b><\/p>\n","protected":false},"excerpt":{"rendered":"<p>Autorzy: Zeta<\/p>\n<p>Wydawca: Kulturva<\/p>\n<p>Typ: Nagrania muzyczne<\/p>\n<p>Rok wydania: 2024<\/p>\n<p>ZSBN: 0 700 00 07<\/p>\n","protected":false},"featured_media":6674,"template":"","meta":[],"product_cat":[789,793,106],"product_tag":[829,820,824,825,826,827,828,822,821,823],"royalty-types":[],"trackgenre":[799,794,395],"tracksoftware":[],"_links":{"self":[{"href":"https:\/\/sklep.hoid.pl\/index.php?rest_route=\/wp\/v2\/product\/6440"}],"collection":[{"href":"https:\/\/sklep.hoid.pl\/index.php?rest_route=\/wp\/v2\/product"}],"about":[{"href":"https:\/\/sklep.hoid.pl\/index.php?rest_route=\/wp\/v2\/types\/product"}],"wp:featuredmedia":[{"embeddable":true,"href":"https:\/\/sklep.hoid.pl\/index.php?rest_route=\/wp\/v2\/media\/6674"}],"wp:attachment":[{"href":"https:\/\/sklep.hoid.pl\/index.php?rest_route=%2Fwp%2Fv2%2Fmedia&parent=6440"}],"wp:term":[{"taxonomy":"product_cat","embeddable":true,"href":"https:\/\/sklep.hoid.pl\/index.php?rest_route=%2Fwp%2Fv2%2Fproduct_cat&post=6440"},{"taxonomy":"product_tag","embeddable":true,"href":"https:\/\/sklep.hoid.pl\/index.php?rest_route=%2Fwp%2Fv2%2Fproduct_tag&post=6440"},{"taxonomy":"royalty-types","embeddable":true,"href":"https:\/\/sklep.hoid.pl\/index.php?rest_route=%2Fwp%2Fv2%2Froyalty-types&post=6440"},{"taxonomy":"trackgenre","embeddable":true,"href":"https:\/\/sklep.hoid.pl\/index.php?rest_route=%2Fwp%2Fv2%2Ftrackgenre&post=6440"},{"taxonomy":"tracksoftware","embeddable":true,"href":"https:\/\/sklep.hoid.pl\/index.php?rest_route=%2Fwp%2Fv2%2Ftracksoftware&post=6440"}],"curies":[{"name":"wp","href":"https:\/\/api.w.org\/{rel}","templated":true}]}}